{"id":26,"date":"2025-01-21T00:17:50","date_gmt":"2025-01-20T23:17:50","guid":{"rendered":"https:\/\/msdesigner.fr\/?page_id=26"},"modified":"2025-02-16T00:20:08","modified_gmt":"2025-02-15T23:20:08","slug":"services-webdesigner","status":"publish","type":"page","link":"https:\/\/msdesigner.fr\/index.php\/services-webdesigner\/","title":{"rendered":"Services"},"content":{"rendered":"\t\t<div data-elementor-type=\"wp-page\" data-elementor-id=\"26\" class=\"elementor elementor-26\">\n\t\t\t\t<div class=\"elementor-element elementor-element-25acf77 e-flex e-con-boxed e-con e-parent\" data-id=\"25acf77\" data-element_type=\"container\" data-e-type=\"container\">\n\t\t\t\t\t<div class=\"e-con-inner\">\n\t\t\t\t<div class=\"elementor-element elementor-element-c00734f elementor-widget elementor-widget-spacer\" data-id=\"c00734f\" data-element_type=\"widget\" data-e-type=\"widget\" data-widget_type=\"spacer.default\">\n\t\t\t\t<div class=\"elementor-widget-container\">\n\t\t\t\t\t\t\t<div class=\"elementor-spacer\">\n\t\t\t<div class=\"elementor-spacer-inner\"><\/div>\n\t\t<\/div>\n\t\t\t\t\t\t<\/div>\n\t\t\t\t<\/div>\n\t\t\t\t\t<\/div>\n\t\t\t\t<\/div>\n\t\t<div class=\"elementor-element elementor-element-bdb2dc0 e-con-full e-flex e-con e-parent\" data-id=\"bdb2dc0\" data-element_type=\"container\" data-e-type=\"container\">\n\t\t\t\t<div class=\"elementor-element elementor-element-7d2bfa0 elementor-widget__width-initial animated-fast elementor-invisible elementor-widget elementor-widget-heading\" data-id=\"7d2bfa0\" data-element_type=\"widget\" data-e-type=\"widget\" data-settings=\"{&quot;_animation&quot;:&quot;fadeInLeft&quot;}\" data-widget_type=\"heading.default\">\n\t\t\t\t<div class=\"elementor-widget-container\">\n\t\t\t\t\t<h2 class=\"elementor-heading-title elementor-size-default\">Mes services pour un site performant, moderne et adapt\u00e9 \u00e0 vos besoins.<\/h2>\t\t\t\t<\/div>\n\t\t\t\t<\/div>\n\t\t\t\t<\/div>\n\t\t<div class=\"elementor-element elementor-element-5b7b257 e-con-full e-flex e-con e-parent\" data-id=\"5b7b257\" data-element_type=\"container\" data-e-type=\"container\">\n\t\t<div class=\"elementor-element elementor-element-f1fbd05 e-con-full e-flex e-con e-child\" data-id=\"f1fbd05\" data-element_type=\"container\" data-e-type=\"container\">\n\t\t<div class=\"elementor-element elementor-element-d155a14 e-con-full e-flex e-con e-child\" data-id=\"d155a14\" data-element_type=\"container\" data-e-type=\"container\">\n\t\t\t\t<div class=\"elementor-element elementor-element-df4859f elementor-widget__width-initial elementor-widget elementor-widget-text-editor\" data-id=\"df4859f\" data-element_type=\"widget\" data-e-type=\"widget\" data-widget_type=\"text-editor.default\">\n\t\t\t\t<div class=\"elementor-widget-container\">\n\t\t\t\t\t\t\t\t\t<p>\ud83d\udda5\ufe0f<\/p>\t\t\t\t\t\t\t\t<\/div>\n\t\t\t\t<\/div>\n\t\t\t\t<\/div>\n\t\t<div class=\"elementor-element elementor-element-16704c3 e-con-full e-flex e-con e-child\" data-id=\"16704c3\" data-element_type=\"container\" data-e-type=\"container\">\n\t\t\t\t<div class=\"elementor-element elementor-element-a8db075 elementor-widget elementor-widget-heading\" data-id=\"a8db075\" data-element_type=\"widget\" data-e-type=\"widget\" data-widget_type=\"heading.default\">\n\t\t\t\t<div class=\"elementor-widget-container\">\n\t\t\t\t\t<h2 class=\"elementor-heading-title elementor-size-default\">Cr\u00e9ation de sites web sur mesure<\/h2>\t\t\t\t<\/div>\n\t\t\t\t<\/div>\n\t\t\t\t<div class=\"elementor-element elementor-element-f13f6b2 elementor-widget__width-initial elementor-widget elementor-widget-text-editor\" data-id=\"f13f6b2\" data-element_type=\"widget\" data-e-type=\"widget\" data-widget_type=\"text-editor.default\">\n\t\t\t\t<div class=\"elementor-widget-container\">\n\t\t\t\t\t\t\t\t\t<p>Conception de sites professionnels, modernes et enti\u00e8rement adapt\u00e9s \u00e0 vos besoins sp\u00e9cifiques, pour valoriser votre activit\u00e9 et attirer vos clients<\/p>\t\t\t\t\t\t\t\t<\/div>\n\t\t\t\t<\/div>\n\t\t\t\t<\/div>\n\t\t\t\t<\/div>\n\t\t\t\t<\/div>\n\t\t<div class=\"elementor-element elementor-element-b723bda e-con-full e-flex e-con e-parent\" data-id=\"b723bda\" data-element_type=\"container\" data-e-type=\"container\">\n\t\t<div class=\"elementor-element elementor-element-afa0419 e-con-full e-flex e-con e-child\" data-id=\"afa0419\" data-element_type=\"container\" data-e-type=\"container\">\n\t\t<div class=\"elementor-element elementor-element-6d97bce e-con-full e-flex e-con e-child\" data-id=\"6d97bce\" data-element_type=\"container\" data-e-type=\"container\">\n\t\t\t\t<div class=\"elementor-element elementor-element-1e1883b elementor-widget__width-initial elementor-widget elementor-widget-text-editor\" data-id=\"1e1883b\" data-element_type=\"widget\" data-e-type=\"widget\" data-widget_type=\"text-editor.default\">\n\t\t\t\t<div class=\"elementor-widget-container\">\n\t\t\t\t\t\t\t\t\t<p>\ud83d\udd04<\/p>\t\t\t\t\t\t\t\t<\/div>\n\t\t\t\t<\/div>\n\t\t\t\t<\/div>\n\t\t<div class=\"elementor-element elementor-element-f03ae10 e-con-full e-flex e-con e-child\" data-id=\"f03ae10\" data-element_type=\"container\" data-e-type=\"container\">\n\t\t\t\t<div class=\"elementor-element elementor-element-5b1c156 elementor-widget elementor-widget-heading\" data-id=\"5b1c156\" data-element_type=\"widget\" data-e-type=\"widget\" data-widget_type=\"heading.default\">\n\t\t\t\t<div class=\"elementor-widget-container\">\n\t\t\t\t\t<h2 class=\"elementor-heading-title elementor-size-default\">Refonte et optimisation UX\/UI<\/h2>\t\t\t\t<\/div>\n\t\t\t\t<\/div>\n\t\t\t\t<div class=\"elementor-element elementor-element-af6c7e0 elementor-widget__width-initial elementor-widget elementor-widget-text-editor\" data-id=\"af6c7e0\" data-element_type=\"widget\" data-e-type=\"widget\" data-widget_type=\"text-editor.default\">\n\t\t\t\t<div class=\"elementor-widget-container\">\n\t\t\t\t\t\t\t\t\t<p>Am\u00e9lioration de votre site existant avec un design actuel, une ergonomie optimis\u00e9e et des performances accrues, pour une exp\u00e9rience utilisateur optimale.<\/p>\t\t\t\t\t\t\t\t<\/div>\n\t\t\t\t<\/div>\n\t\t\t\t<\/div>\n\t\t\t\t<\/div>\n\t\t\t\t<\/div>\n\t\t<div class=\"elementor-element elementor-element-a0aa781 e-con-full e-flex e-con e-parent\" data-id=\"a0aa781\" data-element_type=\"container\" data-e-type=\"container\">\n\t\t<div class=\"elementor-element elementor-element-73c3f9a e-con-full e-flex e-con e-child\" data-id=\"73c3f9a\" data-element_type=\"container\" data-e-type=\"container\">\n\t\t<div class=\"elementor-element elementor-element-5f6a931 e-con-full e-flex e-con e-child\" data-id=\"5f6a931\" data-element_type=\"container\" data-e-type=\"container\">\n\t\t\t\t<div class=\"elementor-element elementor-element-d3f45b2 elementor-widget__width-initial elementor-widget elementor-widget-text-editor\" data-id=\"d3f45b2\" data-element_type=\"widget\" data-e-type=\"widget\" data-widget_type=\"text-editor.default\">\n\t\t\t\t<div class=\"elementor-widget-container\">\n\t\t\t\t\t\t\t\t\t<p>\ud83d\uded2<\/p>\t\t\t\t\t\t\t\t<\/div>\n\t\t\t\t<\/div>\n\t\t\t\t<\/div>\n\t\t<div class=\"elementor-element elementor-element-1aac90d e-con-full e-flex e-con e-child\" data-id=\"1aac90d\" data-element_type=\"container\" data-e-type=\"container\">\n\t\t\t\t<div class=\"elementor-element elementor-element-d69a8e3 elementor-widget elementor-widget-heading\" data-id=\"d69a8e3\" data-element_type=\"widget\" data-e-type=\"widget\" data-widget_type=\"heading.default\">\n\t\t\t\t<div class=\"elementor-widget-container\">\n\t\t\t\t\t<h2 class=\"elementor-heading-title elementor-size-default\">Solutions E-commerce performantes<\/h2>\t\t\t\t<\/div>\n\t\t\t\t<\/div>\n\t\t\t\t<div class=\"elementor-element elementor-element-6e36b54 elementor-widget__width-initial elementor-widget elementor-widget-text-editor\" data-id=\"6e36b54\" data-element_type=\"widget\" data-e-type=\"widget\" data-widget_type=\"text-editor.default\">\n\t\t\t\t<div class=\"elementor-widget-container\">\n\t\t\t\t\t\t\t\t\t<p>D\u00e9veloppement de boutiques en ligne efficaces et faciles \u00e0 g\u00e9rer, assurant une exp\u00e9rience d&#8217;achat s\u00e9curis\u00e9e et agr\u00e9able pour vos clients.<\/p>\t\t\t\t\t\t\t\t<\/div>\n\t\t\t\t<\/div>\n\t\t\t\t<\/div>\n\t\t\t\t<\/div>\n\t\t\t\t<\/div>\n\t\t<div class=\"elementor-element elementor-element-f7043eb e-con-full e-flex e-con e-parent\" data-id=\"f7043eb\" data-element_type=\"container\" data-e-type=\"container\">\n\t\t<div class=\"elementor-element elementor-element-8720bd6 e-con-full e-flex e-con e-child\" data-id=\"8720bd6\" data-element_type=\"container\" data-e-type=\"container\">\n\t\t<div class=\"elementor-element elementor-element-3fff909 e-con-full e-flex e-con e-child\" data-id=\"3fff909\" data-element_type=\"container\" data-e-type=\"container\">\n\t\t\t\t<div class=\"elementor-element elementor-element-78a5078 elementor-widget__width-initial elementor-widget elementor-widget-text-editor\" data-id=\"78a5078\" data-element_type=\"widget\" data-e-type=\"widget\" data-widget_type=\"text-editor.default\">\n\t\t\t\t<div class=\"elementor-widget-container\">\n\t\t\t\t\t\t\t\t\t<p>\ud83d\udcc8<\/p>\t\t\t\t\t\t\t\t<\/div>\n\t\t\t\t<\/div>\n\t\t\t\t<\/div>\n\t\t<div class=\"elementor-element elementor-element-5985a23 e-con-full e-flex e-con e-child\" data-id=\"5985a23\" data-element_type=\"container\" data-e-type=\"container\">\n\t\t\t\t<div class=\"elementor-element elementor-element-b0582f2 elementor-widget elementor-widget-heading\" data-id=\"b0582f2\" data-element_type=\"widget\" data-e-type=\"widget\" data-widget_type=\"heading.default\">\n\t\t\t\t<div class=\"elementor-widget-container\">\n\t\t\t\t\t<h2 class=\"elementor-heading-title elementor-size-default\">Strat\u00e9gie SEO et visibilit\u00e9 en ligne<\/h2>\t\t\t\t<\/div>\n\t\t\t\t<\/div>\n\t\t\t\t<div class=\"elementor-element elementor-element-059847d elementor-widget__width-initial elementor-widget elementor-widget-text-editor\" data-id=\"059847d\" data-element_type=\"widget\" data-e-type=\"widget\" data-widget_type=\"text-editor.default\">\n\t\t\t\t<div class=\"elementor-widget-container\">\n\t\t\t\t\t\t\t\t\t<p>Optimisation de la structure technique et du contenu de votre site pour am\u00e9liorer son positionnement sur les moteurs de recherche et attirer davantage de visiteurs qualifi\u00e9s.<\/p>\t\t\t\t\t\t\t\t<\/div>\n\t\t\t\t<\/div>\n\t\t\t\t<\/div>\n\t\t\t\t<\/div>\n\t\t\t\t<\/div>\n\t\t<div class=\"elementor-element elementor-element-7917c1a e-con-full e-flex e-con e-parent\" data-id=\"7917c1a\" data-element_type=\"container\" data-e-type=\"container\">\n\t\t<div class=\"elementor-element elementor-element-92028c8 e-con-full e-flex e-con e-child\" data-id=\"92028c8\" data-element_type=\"container\" data-e-type=\"container\">\n\t\t<div class=\"elementor-element elementor-element-d369bc7 e-con-full e-flex e-con e-child\" data-id=\"d369bc7\" data-element_type=\"container\" data-e-type=\"container\">\n\t\t\t\t<div class=\"elementor-element elementor-element-f5fcc36 elementor-widget__width-initial elementor-widget elementor-widget-text-editor\" data-id=\"f5fcc36\" data-element_type=\"widget\" data-e-type=\"widget\" data-widget_type=\"text-editor.default\">\n\t\t\t\t<div class=\"elementor-widget-container\">\n\t\t\t\t\t\t\t\t\t<p>\u2699\ufe0f<\/p>\t\t\t\t\t\t\t\t<\/div>\n\t\t\t\t<\/div>\n\t\t\t\t<\/div>\n\t\t<div class=\"elementor-element elementor-element-1075f86 e-con-full e-flex e-con e-child\" data-id=\"1075f86\" data-element_type=\"container\" data-e-type=\"container\">\n\t\t\t\t<div class=\"elementor-element elementor-element-861340c elementor-widget elementor-widget-heading\" data-id=\"861340c\" data-element_type=\"widget\" data-e-type=\"widget\" data-widget_type=\"heading.default\">\n\t\t\t\t<div class=\"elementor-widget-container\">\n\t\t\t\t\t<h2 class=\"elementor-heading-title elementor-size-default\">Maintenance proactive et support continu<\/h2>\t\t\t\t<\/div>\n\t\t\t\t<\/div>\n\t\t\t\t<div class=\"elementor-element elementor-element-c749a8a elementor-widget__width-initial elementor-widget elementor-widget-text-editor\" data-id=\"c749a8a\" data-element_type=\"widget\" data-e-type=\"widget\" data-widget_type=\"text-editor.default\">\n\t\t\t\t<div class=\"elementor-widget-container\">\n\t\t\t\t\t\t\t\t\t<p>Suivi r\u00e9gulier pour garantir la s\u00e9curit\u00e9, la rapidit\u00e9 et le bon fonctionnement de votre site, avec un accompagnement personnalis\u00e9 pour r\u00e9pondre \u00e0 vos besoins.<\/p>\t\t\t\t\t\t\t\t<\/div>\n\t\t\t\t<\/div>\n\t\t\t\t<\/div>\n\t\t\t\t<\/div>\n\t\t\t\t<\/div>\n\t\t\t\t<\/div>\n\t\t","protected":false},"excerpt":{"rendered":"<p>Mes services pour un site performant, moderne et adapt\u00e9 \u00e0 vos besoins. \ud83d\udda5\ufe0f Cr\u00e9ation de sites web sur mesure Conception de sites professionnels, modernes et enti\u00e8rement adapt\u00e9s \u00e0 vos besoins sp\u00e9cifiques, pour valoriser votre activit\u00e9 et attirer vos clients \ud83d\udd04 Refonte et optimisation UX\/UI Am\u00e9lioration de votre site existant avec un design actuel, une ergonomie [&hellip;]<\/p>\n","protected":false},"author":1,"featured_media":0,"parent":0,"menu_order":0,"comment_status":"closed","ping_status":"closed","template":"","meta":{"inline_featured_image":false,"footnotes":""},"class_list":["post-26","page","type-page","status-publish","hentry"],"yoast_head":"<!-- This site is optimized with the Yoast SEO plugin v27.5 - https:\/\/yoast.com\/product\/yoast-seo-wordpress\/ -->\n<title>Services de webdesigner freelance - MSDESIGNER<\/title>\n<meta name=\"description\" content=\"D\u00e9couvrez les services de MSDESIGNER, webdesigner freelance. Cr\u00e9ation de sites web, design responsive, optimisation.\" \/>\n<meta name=\"robots\" content=\"index, follow, max-snippet:-1, max-image-preview:large, max-video-preview:-1\" \/>\n<link rel=\"canonical\" href=\"https:\/\/msdesigner.fr\/index.php\/services-webdesigner\/\" \/>\n<meta property=\"og:locale\" content=\"en_US\" \/>\n<meta property=\"og:type\" content=\"article\" \/>\n<meta property=\"og:title\" content=\"Services de webdesigner freelance - MSDESIGNER\" \/>\n<meta property=\"og:description\" content=\"D\u00e9couvrez les services de MSDESIGNER, webdesigner freelance. Cr\u00e9ation de sites web, design responsive, optimisation.\" \/>\n<meta property=\"og:url\" content=\"https:\/\/msdesigner.fr\/index.php\/services-webdesigner\/\" \/>\n<meta property=\"og:site_name\" content=\"WordPress\" \/>\n<meta property=\"article:modified_time\" content=\"2025-02-15T23:20:08+00:00\" \/>\n<meta name=\"twitter:card\" content=\"summary_large_image\" \/>\n<meta name=\"twitter:label1\" content=\"Est. reading time\" \/>\n\t<meta name=\"twitter:data1\" content=\"1 minute\" \/>\n<script type=\"application\/ld+json\" class=\"yoast-schema-graph\">{\"@context\":\"https:\\\/\\\/schema.org\",\"@graph\":[{\"@type\":\"WebPage\",\"@id\":\"https:\\\/\\\/msdesigner.fr\\\/index.php\\\/services-webdesigner\\\/\",\"url\":\"https:\\\/\\\/msdesigner.fr\\\/index.php\\\/services-webdesigner\\\/\",\"name\":\"Services de webdesigner freelance - MSDESIGNER\",\"isPartOf\":{\"@id\":\"https:\\\/\\\/msdesigner.fr\\\/#website\"},\"datePublished\":\"2025-01-20T23:17:50+00:00\",\"dateModified\":\"2025-02-15T23:20:08+00:00\",\"description\":\"D\u00e9couvrez les services de MSDESIGNER, webdesigner freelance. Cr\u00e9ation de sites web, design responsive, optimisation.\",\"breadcrumb\":{\"@id\":\"https:\\\/\\\/msdesigner.fr\\\/index.php\\\/services-webdesigner\\\/#breadcrumb\"},\"inLanguage\":\"en-US\",\"potentialAction\":[{\"@type\":\"ReadAction\",\"target\":[\"https:\\\/\\\/msdesigner.fr\\\/index.php\\\/services-webdesigner\\\/\"]}]},{\"@type\":\"BreadcrumbList\",\"@id\":\"https:\\\/\\\/msdesigner.fr\\\/index.php\\\/services-webdesigner\\\/#breadcrumb\",\"itemListElement\":[{\"@type\":\"ListItem\",\"position\":1,\"name\":\"Accueil\",\"item\":\"https:\\\/\\\/msdesigner.fr\\\/\"},{\"@type\":\"ListItem\",\"position\":2,\"name\":\"Services\"}]},{\"@type\":\"WebSite\",\"@id\":\"https:\\\/\\\/msdesigner.fr\\\/#website\",\"url\":\"https:\\\/\\\/msdesigner.fr\\\/\",\"name\":\"MSDESIGNER\",\"description\":\"Un site utilisant WordPress\",\"publisher\":{\"@id\":\"https:\\\/\\\/msdesigner.fr\\\/#organization\"},\"potentialAction\":[{\"@type\":\"SearchAction\",\"target\":{\"@type\":\"EntryPoint\",\"urlTemplate\":\"https:\\\/\\\/msdesigner.fr\\\/?s={search_term_string}\"},\"query-input\":{\"@type\":\"PropertyValueSpecification\",\"valueRequired\":true,\"valueName\":\"search_term_string\"}}],\"inLanguage\":\"en-US\"},{\"@type\":\"Organization\",\"@id\":\"https:\\\/\\\/msdesigner.fr\\\/#organization\",\"name\":\"MSDESIGN\",\"url\":\"https:\\\/\\\/msdesigner.fr\\\/\",\"logo\":{\"@type\":\"ImageObject\",\"inLanguage\":\"en-US\",\"@id\":\"https:\\\/\\\/msdesigner.fr\\\/#\\\/schema\\\/logo\\\/image\\\/\",\"url\":\"http:\\\/\\\/msdesigner.fr\\\/wp-content\\\/uploads\\\/2025\\\/01\\\/Vector.svg\",\"contentUrl\":\"http:\\\/\\\/msdesigner.fr\\\/wp-content\\\/uploads\\\/2025\\\/01\\\/Vector.svg\",\"width\":701,\"height\":70,\"caption\":\"MSDESIGN\"},\"image\":{\"@id\":\"https:\\\/\\\/msdesigner.fr\\\/#\\\/schema\\\/logo\\\/image\\\/\"}}]}<\/script>\n<!-- \/ Yoast SEO plugin. -->","yoast_head_json":{"title":"Services de webdesigner freelance - MSDESIGNER","description":"D\u00e9couvrez les services de MSDESIGNER, webdesigner freelance. Cr\u00e9ation de sites web, design responsive, optimisation.","robots":{"index":"index","follow":"follow","max-snippet":"max-snippet:-1","max-image-preview":"max-image-preview:large","max-video-preview":"max-video-preview:-1"},"canonical":"https:\/\/msdesigner.fr\/index.php\/services-webdesigner\/","og_locale":"en_US","og_type":"article","og_title":"Services de webdesigner freelance - MSDESIGNER","og_description":"D\u00e9couvrez les services de MSDESIGNER, webdesigner freelance. Cr\u00e9ation de sites web, design responsive, optimisation.","og_url":"https:\/\/msdesigner.fr\/index.php\/services-webdesigner\/","og_site_name":"WordPress","article_modified_time":"2025-02-15T23:20:08+00:00","twitter_card":"summary_large_image","twitter_misc":{"Est. reading time":"1 minute"},"schema":{"@context":"https:\/\/schema.org","@graph":[{"@type":"WebPage","@id":"https:\/\/msdesigner.fr\/index.php\/services-webdesigner\/","url":"https:\/\/msdesigner.fr\/index.php\/services-webdesigner\/","name":"Services de webdesigner freelance - MSDESIGNER","isPartOf":{"@id":"https:\/\/msdesigner.fr\/#website"},"datePublished":"2025-01-20T23:17:50+00:00","dateModified":"2025-02-15T23:20:08+00:00","description":"D\u00e9couvrez les services de MSDESIGNER, webdesigner freelance. Cr\u00e9ation de sites web, design responsive, optimisation.","breadcrumb":{"@id":"https:\/\/msdesigner.fr\/index.php\/services-webdesigner\/#breadcrumb"},"inLanguage":"en-US","potentialAction":[{"@type":"ReadAction","target":["https:\/\/msdesigner.fr\/index.php\/services-webdesigner\/"]}]},{"@type":"BreadcrumbList","@id":"https:\/\/msdesigner.fr\/index.php\/services-webdesigner\/#breadcrumb","itemListElement":[{"@type":"ListItem","position":1,"name":"Accueil","item":"https:\/\/msdesigner.fr\/"},{"@type":"ListItem","position":2,"name":"Services"}]},{"@type":"WebSite","@id":"https:\/\/msdesigner.fr\/#website","url":"https:\/\/msdesigner.fr\/","name":"MSDESIGNER","description":"Un site utilisant WordPress","publisher":{"@id":"https:\/\/msdesigner.fr\/#organization"},"potentialAction":[{"@type":"SearchAction","target":{"@type":"EntryPoint","urlTemplate":"https:\/\/msdesigner.fr\/?s={search_term_string}"},"query-input":{"@type":"PropertyValueSpecification","valueRequired":true,"valueName":"search_term_string"}}],"inLanguage":"en-US"},{"@type":"Organization","@id":"https:\/\/msdesigner.fr\/#organization","name":"MSDESIGN","url":"https:\/\/msdesigner.fr\/","logo":{"@type":"ImageObject","inLanguage":"en-US","@id":"https:\/\/msdesigner.fr\/#\/schema\/logo\/image\/","url":"http:\/\/msdesigner.fr\/wp-content\/uploads\/2025\/01\/Vector.svg","contentUrl":"http:\/\/msdesigner.fr\/wp-content\/uploads\/2025\/01\/Vector.svg","width":701,"height":70,"caption":"MSDESIGN"},"image":{"@id":"https:\/\/msdesigner.fr\/#\/schema\/logo\/image\/"}}]}},"_links":{"self":[{"href":"https:\/\/msdesigner.fr\/index.php\/wp-json\/wp\/v2\/pages\/26","targetHints":{"allow":["GET"]}}],"collection":[{"href":"https:\/\/msdesigner.fr\/index.php\/wp-json\/wp\/v2\/pages"}],"about":[{"href":"https:\/\/msdesigner.fr\/index.php\/wp-json\/wp\/v2\/types\/page"}],"author":[{"embeddable":true,"href":"https:\/\/msdesigner.fr\/index.php\/wp-json\/wp\/v2\/users\/1"}],"replies":[{"embeddable":true,"href":"https:\/\/msdesigner.fr\/index.php\/wp-json\/wp\/v2\/comments?post=26"}],"version-history":[{"count":8,"href":"https:\/\/msdesigner.fr\/index.php\/wp-json\/wp\/v2\/pages\/26\/revisions"}],"predecessor-version":[{"id":395,"href":"https:\/\/msdesigner.fr\/index.php\/wp-json\/wp\/v2\/pages\/26\/revisions\/395"}],"wp:attachment":[{"href":"https:\/\/msdesigner.fr\/index.php\/wp-json\/wp\/v2\/media?parent=26"}],"curies":[{"name":"wp","href":"https:\/\/api.w.org\/{rel}","templated":true}]}}