{"id":30,"date":"2025-01-21T00:17:36","date_gmt":"2025-01-20T23:17:36","guid":{"rendered":"https:\/\/msdesigner.fr\/?page_id=30"},"modified":"2025-02-10T16:32:00","modified_gmt":"2025-02-10T15:32:00","slug":"contact","status":"publish","type":"page","link":"https:\/\/msdesigner.fr\/index.php\/contact\/","title":{"rendered":"Contact"},"content":{"rendered":"\t\t<div data-elementor-type=\"wp-page\" data-elementor-id=\"30\" class=\"elementor elementor-30\">\n\t\t\t\t<div class=\"elementor-element elementor-element-4e5653e e-con-full e-flex e-con e-parent\" data-id=\"4e5653e\" data-element_type=\"container\" data-e-type=\"container\">\n\t\t<div class=\"elementor-element elementor-element-7b2e9bc e-con-full e-flex e-con e-child\" data-id=\"7b2e9bc\" data-element_type=\"container\" data-e-type=\"container\">\n\t\t\t\t<div class=\"elementor-element elementor-element-cea7451 elementor-widget elementor-widget-heading\" data-id=\"cea7451\" data-element_type=\"widget\" data-e-type=\"widget\" data-widget_type=\"heading.default\">\n\t\t\t\t<div class=\"elementor-widget-container\">\n\t\t\t\t\t<h2 class=\"elementor-heading-title elementor-size-default\">Une question ?<\/h2>\t\t\t\t<\/div>\n\t\t\t\t<\/div>\n\t\t\t\t<div class=\"elementor-element elementor-element-d8f4205 elementor-widget elementor-widget-heading\" data-id=\"d8f4205\" data-element_type=\"widget\" data-e-type=\"widget\" data-widget_type=\"heading.default\">\n\t\t\t\t<div class=\"elementor-widget-container\">\n\t\t\t\t\t<h2 class=\"elementor-heading-title elementor-size-default\">Contactez moi<\/h2>\t\t\t\t<\/div>\n\t\t\t\t<\/div>\n\t\t\t\t<div class=\"elementor-element elementor-element-5e5615b elementor-widget__width-initial elementor-widget elementor-widget-image\" data-id=\"5e5615b\" data-element_type=\"widget\" data-e-type=\"widget\" data-widget_type=\"image.default\">\n\t\t\t\t<div class=\"elementor-widget-container\">\n\t\t\t\t\t\t\t\t\t\t\t\t\t\t\t<img fetchpriority=\"high\" decoding=\"async\" width=\"800\" height=\"878\" src=\"https:\/\/msdesigner.fr\/wp-content\/uploads\/2025\/01\/mec-tarpin-moche-scaled-e1737505692442-933x1024.jpg\" class=\"attachment-large size-large wp-image-152\" alt=\"\" srcset=\"https:\/\/msdesigner.fr\/wp-content\/uploads\/2025\/01\/mec-tarpin-moche-scaled-e1737505692442-933x1024.jpg 933w, https:\/\/msdesigner.fr\/wp-content\/uploads\/2025\/01\/mec-tarpin-moche-scaled-e1737505692442-273x300.jpg 273w, https:\/\/msdesigner.fr\/wp-content\/uploads\/2025\/01\/mec-tarpin-moche-scaled-e1737505692442-768x843.jpg 768w, https:\/\/msdesigner.fr\/wp-content\/uploads\/2025\/01\/mec-tarpin-moche-scaled-e1737505692442.jpg 1233w\" sizes=\"(max-width: 800px) 100vw, 800px\" \/>\t\t\t\t\t\t\t\t\t\t\t\t\t\t\t<\/div>\n\t\t\t\t<\/div>\n\t\t\t\t<\/div>\n\t\t<div class=\"elementor-element elementor-element-37915c0 e-con-full e-flex e-con e-child\" data-id=\"37915c0\" data-element_type=\"container\" data-e-type=\"container\">\n\t\t<div class=\"elementor-element elementor-element-276c4b4 e-con-full e-flex e-con e-child\" data-id=\"276c4b4\" data-element_type=\"container\" data-e-type=\"container\">\n\t\t\t\t<div class=\"elementor-element elementor-element-d55016e elementor-widget elementor-widget-heading\" data-id=\"d55016e\" data-element_type=\"widget\" data-e-type=\"widget\" data-widget_type=\"heading.default\">\n\t\t\t\t<div class=\"elementor-widget-container\">\n\t\t\t\t\t<h2 class=\"elementor-heading-title elementor-size-default\">Formulaire de contact<\/h2>\t\t\t\t<\/div>\n\t\t\t\t<\/div>\n\t\t\t\t<div class=\"elementor-element elementor-element-555fbb4 elementor-widget-mobile__width-initial elementor-widget elementor-widget-formidable\" data-id=\"555fbb4\" data-element_type=\"widget\" data-e-type=\"widget\" data-widget_type=\"formidable.default\">\n\t\t\t\t<div class=\"elementor-widget-container\">\n\t\t\t\t\t<div class=\"frm_forms  with_frm_style frm_style_style-formidable\" id=\"frm_form_1_container\" >\n<form enctype=\"multipart\/form-data\" method=\"post\" class=\"frm-show-form \" id=\"form_contact-form\" >\n<div class=\"frm_form_fields \">\n<fieldset>\n<legend class=\"frm_screen_reader\">Contact Us<\/legend>\r\n\r\n<div class=\"frm_fields_container\">\n<input type=\"hidden\" name=\"frm_action\" value=\"create\" \/>\n<input type=\"hidden\" name=\"form_id\" value=\"1\" \/>\n<input type=\"hidden\" name=\"frm_hide_fields_1\" id=\"frm_hide_fields_1\" value=\"\" \/>\n<input type=\"hidden\" name=\"form_key\" value=\"contact-form\" \/>\n<input type=\"hidden\" name=\"item_meta[0]\" value=\"\" \/>\n<input type=\"hidden\" id=\"frm_submit_entry_1\" name=\"frm_submit_entry_1\" value=\"983afef61d\" \/><input type=\"hidden\" name=\"_wp_http_referer\" value=\"\/index.php\/wp-json\/wp\/v2\/pages\/30\" \/><div id=\"frm_field_1_container\" class=\"frm_form_field form-field  frm_required_field frm_top_container frm_first frm_half\">\r\n\t<label for=\"field_qh4icy\" id=\"field_qh4icy_label\" class=\"frm_primary_label\">\r\n\t\t<span class=\"frm_required\" aria-hidden=\"true\">*<\/span>\r\n\t<\/label>\r\n\t<input type=\"text\" id=\"field_qh4icy\" name=\"item_meta[1]\" value=\"\"  placeholder=\"Pr\u00e9nom\" data-reqmsg=\"This field ne peut pas \u00eatre vide.\" aria-required=\"true\" data-invmsg=\"This field est non valide\" aria-invalid=\"false\"  \/>\r\n\t\r\n\t\r\n<\/div>\n<div id=\"frm_field_2_container\" class=\"frm_form_field form-field  frm_required_field frm_hidden_container frm_half\">\r\n\t<label for=\"field_ocfup1\" id=\"field_ocfup1_label\" class=\"frm_primary_label\">\r\n\t\t<span class=\"frm_required\" aria-hidden=\"true\">*<\/span>\r\n\t<\/label>\r\n\t<input type=\"text\" id=\"field_ocfup1\" name=\"item_meta[2]\" value=\"\"  placeholder=\"Nom\" data-reqmsg=\"This field ne peut pas \u00eatre vide.\" aria-required=\"true\" data-invmsg=\"This field est non valide\" aria-invalid=\"false\"   aria-describedby=\"frm_desc_field_ocfup1\"\/>\r\n\t<div class=\"frm_description\" id=\"frm_desc_field_ocfup1\">\r\n<\/div>\r\n\t\r\n<\/div>\n<div id=\"frm_field_3_container\" class=\"frm_form_field form-field  frm_required_field frm_top_container frm_full\">\r\n\t<label for=\"field_29yf4d\" id=\"field_29yf4d_label\" class=\"frm_primary_label\">\r\n\t\t<span class=\"frm_required\" aria-hidden=\"true\">*<\/span>\r\n\t<\/label>\r\n\t<input type=\"email\" id=\"field_29yf4d\" name=\"item_meta[3]\" value=\"\"  placeholder=\"@email\" data-reqmsg=\"This field ne peut pas \u00eatre vide.\" aria-required=\"true\" data-invmsg=\"Please enter a valid email address\" aria-invalid=\"false\"  \/>\r\n\t\r\n\t\r\n<\/div>\n<div id=\"frm_field_4_container\" class=\"frm_form_field form-field  frm_required_field frm_top_container frm_full\">\r\n\t<label for=\"field_e6lis6\" id=\"field_e6lis6_label\" class=\"frm_primary_label\">\r\n\t\t<span class=\"frm_required\" aria-hidden=\"true\">*<\/span>\r\n\t<\/label>\r\n\t<input type=\"text\" id=\"field_e6lis6\" name=\"item_meta[4]\" value=\"\"  placeholder=\"Sujet\" data-reqmsg=\"This field ne peut pas \u00eatre vide.\" aria-required=\"true\" data-invmsg=\"This field est non valide\" aria-invalid=\"false\"  \/>\r\n\t\r\n\t\r\n<\/div>\n<div id=\"frm_field_5_container\" class=\"frm_form_field form-field  frm_required_field frm_top_container frm_full\">\r\n\t<label for=\"field_9jv0r1\" id=\"field_9jv0r1_label\" class=\"frm_primary_label\">\r\n\t\t<span class=\"frm_required\" aria-hidden=\"true\">*<\/span>\r\n\t<\/label>\r\n\t<textarea name=\"item_meta[5]\" id=\"field_9jv0r1\" rows=\"5\"  placeholder=\"Votre message\" data-reqmsg=\"This field ne peut pas \u00eatre vide.\" aria-required=\"true\" data-invmsg=\"This field is invalid\" aria-invalid=\"false\"  ><\/textarea>\r\n\t\r\n\t\r\n<\/div>\n<div id=\"frm_field_23_container\" class=\"frm_form_field form-field \">\r\n\t<div class=\"frm_submit frm_flex\">\r\n<button class=\"frm_button_submit\" type=\"submit\"  >Envoyer<\/button>\r\n\r\n\r\n\r\n<\/div>\r\n<\/div>\n\t<input type=\"hidden\" name=\"item_key\" value=\"\" \/>\n\t\t\t<div id=\"frm_field_24_container\">\n\t\t\t<label for=\"field_lfanm\" >\n\t\t\t\tIf you are human, leave this field blank.\t\t\t<\/label>\n\t\t\t<input  id=\"field_lfanm\" type=\"text\" class=\"frm_form_field form-field frm_verify\" name=\"item_meta[24]\" value=\"\"  \/>\n\t\t<\/div>\n\t\t<input name=\"frm_state\" type=\"hidden\" value=\"6xMVFOvk0X7S49223T1w\/Lt+WD8L6pv2FI6LxWr4izk=\" \/><\/div>\n<\/fieldset>\n<\/div>\n\n<\/form>\n<\/div>\n\t\t\t\t<\/div>\n\t\t\t\t<\/div>\n\t\t\t\t<\/div>\n\t\t\t\t<\/div>\n\t\t<div class=\"elementor-element elementor-element-d65900d e-con-full e-flex e-con e-child\" data-id=\"d65900d\" data-element_type=\"container\" data-e-type=\"container\">\n\t\t\t\t<div class=\"elementor-element elementor-element-b2832a8 elementor-widget__width-initial elementor-widget elementor-widget-heading\" data-id=\"b2832a8\" data-element_type=\"widget\" data-e-type=\"widget\" data-widget_type=\"heading.default\">\n\t\t\t\t<div class=\"elementor-widget-container\">\n\t\t\t\t\t<h2 class=\"elementor-heading-title elementor-size-default\">Prenez contact avec moi d\u00e8s maintenant pour discuter de vos id\u00e9es, obtenir un devis personnalis\u00e9 ou simplement poser vos questions. Bas\u00e9 \u00e0 Toulouse, je travaille aussi bien avec des entrepreneurs locaux qu\u2019\u00e0 distance.<\/h2>\t\t\t\t<\/div>\n\t\t\t\t<\/div>\n\t\t\t\t<div class=\"elementor-element elementor-element-a114e35 elementor-widget__width-initial elementor-widget elementor-widget-heading\" data-id=\"a114e35\" data-element_type=\"widget\" data-e-type=\"widget\" data-widget_type=\"heading.default\">\n\t\t\t\t<div class=\"elementor-widget-container\">\n\t\t\t\t\t<h2 class=\"elementor-heading-title elementor-size-default\">Utilisez le formulaire ci-dessus, \u00e9crivez-moi par e-mail ou appelez-moi directement. Ensemble, nous cr\u00e9erons une solution design adapt\u00e9e \u00e0 vos besoins, qu\u2019il s\u2019agisse d\u2019un site web moderne, d\u2019une strat\u00e9gie digitale ou d\u2019un projet unique.\n\nFaites le premier pas vers un design performant et efficace : je suis l\u00e0 pour r\u00e9pondre \u00e0 vos attentes et concr\u00e9tiser vos objectifs.<\/h2>\t\t\t\t<\/div>\n\t\t\t\t<\/div>\n\t\t\t\t<\/div>\n\t\t\t\t<\/div>\n\t\t<div class=\"elementor-element elementor-element-6cb4506 e-con-full e-flex e-con e-parent\" data-id=\"6cb4506\" data-element_type=\"container\" data-e-type=\"container\">\n\t\t\t\t<div class=\"elementor-element elementor-element-350230c elementor-widget__width-initial elementor-widget elementor-widget-heading\" data-id=\"350230c\" data-element_type=\"widget\" data-e-type=\"widget\" data-widget_type=\"heading.default\">\n\t\t\t\t<div class=\"elementor-widget-container\">\n\t\t\t\t\t<h2 class=\"elementor-heading-title elementor-size-default\">Prenez contact avec moi d\u00e8s maintenant pour discuter de vos id\u00e9es, obtenir un devis personnalis\u00e9 ou simplement poser vos questions. Bas\u00e9 \u00e0 Toulouse, je travaille aussi bien avec des entrepreneurs locaux qu\u2019\u00e0 distance.<\/h2>\t\t\t\t<\/div>\n\t\t\t\t<\/div>\n\t\t\t\t<div class=\"elementor-element elementor-element-9ef902e elementor-widget__width-initial elementor-widget elementor-widget-heading\" data-id=\"9ef902e\" data-element_type=\"widget\" data-e-type=\"widget\" data-widget_type=\"heading.default\">\n\t\t\t\t<div class=\"elementor-widget-container\">\n\t\t\t\t\t<h2 class=\"elementor-heading-title elementor-size-default\">Utilisez le formulaire ci-dessus, \u00e9crivez-moi par e-mail ou appelez-moi directement. Ensemble, nous cr\u00e9erons une solution design adapt\u00e9e \u00e0 vos besoins, qu\u2019il s\u2019agisse d\u2019un site web moderne, d\u2019une strat\u00e9gie digitale ou d\u2019un projet unique.\n\nFaites le premier pas vers un design performant et efficace : je suis l\u00e0 pour r\u00e9pondre \u00e0 vos attentes et concr\u00e9tiser vos objectifs.<\/h2>\t\t\t\t<\/div>\n\t\t\t\t<\/div>\n\t\t\t\t<\/div>\n\t\t\t\t<\/div>\n\t\t","protected":false},"excerpt":{"rendered":"<p>Une question ? Contactez moi Formulaire de contact Contact Us * * * * * Envoyer Si vous \u00eates un humain, ne remplissez pas ce champ. Prenez contact avec moi d\u00e8s maintenant pour discuter de vos id\u00e9es, obtenir un devis personnalis\u00e9 ou simplement poser vos questions. Bas\u00e9 \u00e0 Toulouse, je travaille aussi bien avec des [&hellip;]<\/p>\n","protected":false},"author":1,"featured_media":0,"parent":0,"menu_order":0,"comment_status":"closed","ping_status":"closed","template":"","meta":{"inline_featured_image":false,"footnotes":""},"class_list":["post-30","page","type-page","status-publish","hentry"],"yoast_head":"<!-- This site is optimized with the Yoast SEO plugin v27.6 - https:\/\/yoast.com\/product\/yoast-seo-wordpress\/ -->\n<title>Contactez MSDESIGNER - Webdesigner freelance<\/title>\n<meta name=\"description\" content=\"Vous avez un projet web ? Contactez MSDESIGNER, webdesigner freelance, pour cr\u00e9er un site sur-mesure. Je suis \u00e0 votre \u00e9coute.\" \/>\n<meta name=\"robots\" content=\"index, follow, max-snippet:-1, max-image-preview:large, max-video-preview:-1\" \/>\n<link rel=\"canonical\" href=\"https:\/\/msdesigner.fr\/index.php\/contact\/\" \/>\n<meta property=\"og:locale\" content=\"en_US\" \/>\n<meta property=\"og:type\" content=\"article\" \/>\n<meta property=\"og:title\" content=\"Contactez MSDESIGNER - Webdesigner freelance\" \/>\n<meta property=\"og:description\" content=\"Vous avez un projet web ? Contactez MSDESIGNER, webdesigner freelance, pour cr\u00e9er un site sur-mesure. Je suis \u00e0 votre \u00e9coute.\" \/>\n<meta property=\"og:url\" content=\"https:\/\/msdesigner.fr\/index.php\/contact\/\" \/>\n<meta property=\"og:site_name\" content=\"WordPress\" \/>\n<meta property=\"article:modified_time\" content=\"2025-02-10T15:32:00+00:00\" \/>\n<meta property=\"og:image\" content=\"http:\/\/msdesigner.fr\/wp-content\/uploads\/2025\/01\/mec-tarpin-moche-scaled-e1737505692442-933x1024.jpg\" \/>\n<meta name=\"twitter:card\" content=\"summary_large_image\" \/>\n<meta name=\"twitter:label1\" content=\"Est. reading time\" \/>\n\t<meta name=\"twitter:data1\" content=\"2 minutes\" \/>\n<script type=\"application\/ld+json\" class=\"yoast-schema-graph\">{\"@context\":\"https:\\\/\\\/schema.org\",\"@graph\":[{\"@type\":\"WebPage\",\"@id\":\"https:\\\/\\\/msdesigner.fr\\\/index.php\\\/contact\\\/\",\"url\":\"https:\\\/\\\/msdesigner.fr\\\/index.php\\\/contact\\\/\",\"name\":\"Contactez MSDESIGNER - Webdesigner freelance\",\"isPartOf\":{\"@id\":\"https:\\\/\\\/msdesigner.fr\\\/#website\"},\"primaryImageOfPage\":{\"@id\":\"https:\\\/\\\/msdesigner.fr\\\/index.php\\\/contact\\\/#primaryimage\"},\"image\":{\"@id\":\"https:\\\/\\\/msdesigner.fr\\\/index.php\\\/contact\\\/#primaryimage\"},\"thumbnailUrl\":\"http:\\\/\\\/msdesigner.fr\\\/wp-content\\\/uploads\\\/2025\\\/01\\\/mec-tarpin-moche-scaled-e1737505692442-933x1024.jpg\",\"datePublished\":\"2025-01-20T23:17:36+00:00\",\"dateModified\":\"2025-02-10T15:32:00+00:00\",\"description\":\"Vous avez un projet web ? Contactez MSDESIGNER, webdesigner freelance, pour cr\u00e9er un site sur-mesure. Je suis \u00e0 votre \u00e9coute.\",\"breadcrumb\":{\"@id\":\"https:\\\/\\\/msdesigner.fr\\\/index.php\\\/contact\\\/#breadcrumb\"},\"inLanguage\":\"en-US\",\"potentialAction\":[{\"@type\":\"ReadAction\",\"target\":[\"https:\\\/\\\/msdesigner.fr\\\/index.php\\\/contact\\\/\"]}]},{\"@type\":\"ImageObject\",\"inLanguage\":\"en-US\",\"@id\":\"https:\\\/\\\/msdesigner.fr\\\/index.php\\\/contact\\\/#primaryimage\",\"url\":\"https:\\\/\\\/msdesigner.fr\\\/wp-content\\\/uploads\\\/2025\\\/01\\\/mec-tarpin-moche-scaled-e1737505692442.jpg\",\"contentUrl\":\"https:\\\/\\\/msdesigner.fr\\\/wp-content\\\/uploads\\\/2025\\\/01\\\/mec-tarpin-moche-scaled-e1737505692442.jpg\",\"width\":1233,\"height\":1353},{\"@type\":\"BreadcrumbList\",\"@id\":\"https:\\\/\\\/msdesigner.fr\\\/index.php\\\/contact\\\/#breadcrumb\",\"itemListElement\":[{\"@type\":\"ListItem\",\"position\":1,\"name\":\"Accueil\",\"item\":\"https:\\\/\\\/msdesigner.fr\\\/\"},{\"@type\":\"ListItem\",\"position\":2,\"name\":\"Contact\"}]},{\"@type\":\"WebSite\",\"@id\":\"https:\\\/\\\/msdesigner.fr\\\/#website\",\"url\":\"https:\\\/\\\/msdesigner.fr\\\/\",\"name\":\"MSDESIGNER\",\"description\":\"Un site utilisant WordPress\",\"publisher\":{\"@id\":\"https:\\\/\\\/msdesigner.fr\\\/#organization\"},\"potentialAction\":[{\"@type\":\"SearchAction\",\"target\":{\"@type\":\"EntryPoint\",\"urlTemplate\":\"https:\\\/\\\/msdesigner.fr\\\/?s={search_term_string}\"},\"query-input\":{\"@type\":\"PropertyValueSpecification\",\"valueRequired\":true,\"valueName\":\"search_term_string\"}}],\"inLanguage\":\"en-US\"},{\"@type\":\"Organization\",\"@id\":\"https:\\\/\\\/msdesigner.fr\\\/#organization\",\"name\":\"MSDESIGN\",\"url\":\"https:\\\/\\\/msdesigner.fr\\\/\",\"logo\":{\"@type\":\"ImageObject\",\"inLanguage\":\"en-US\",\"@id\":\"https:\\\/\\\/msdesigner.fr\\\/#\\\/schema\\\/logo\\\/image\\\/\",\"url\":\"http:\\\/\\\/msdesigner.fr\\\/wp-content\\\/uploads\\\/2025\\\/01\\\/Vector.svg\",\"contentUrl\":\"http:\\\/\\\/msdesigner.fr\\\/wp-content\\\/uploads\\\/2025\\\/01\\\/Vector.svg\",\"width\":701,\"height\":70,\"caption\":\"MSDESIGN\"},\"image\":{\"@id\":\"https:\\\/\\\/msdesigner.fr\\\/#\\\/schema\\\/logo\\\/image\\\/\"}}]}<\/script>\n<!-- \/ Yoast SEO plugin. -->","yoast_head_json":{"title":"Contactez MSDESIGNER - Webdesigner freelance","description":"Vous avez un projet web ? Contactez MSDESIGNER, webdesigner freelance, pour cr\u00e9er un site sur-mesure. Je suis \u00e0 votre \u00e9coute.","robots":{"index":"index","follow":"follow","max-snippet":"max-snippet:-1","max-image-preview":"max-image-preview:large","max-video-preview":"max-video-preview:-1"},"canonical":"https:\/\/msdesigner.fr\/index.php\/contact\/","og_locale":"en_US","og_type":"article","og_title":"Contactez MSDESIGNER - Webdesigner freelance","og_description":"Vous avez un projet web ? Contactez MSDESIGNER, webdesigner freelance, pour cr\u00e9er un site sur-mesure. Je suis \u00e0 votre \u00e9coute.","og_url":"https:\/\/msdesigner.fr\/index.php\/contact\/","og_site_name":"WordPress","article_modified_time":"2025-02-10T15:32:00+00:00","og_image":[{"url":"http:\/\/msdesigner.fr\/wp-content\/uploads\/2025\/01\/mec-tarpin-moche-scaled-e1737505692442-933x1024.jpg","type":"","width":"","height":""}],"twitter_card":"summary_large_image","twitter_misc":{"Est. reading time":"2 minutes"},"schema":{"@context":"https:\/\/schema.org","@graph":[{"@type":"WebPage","@id":"https:\/\/msdesigner.fr\/index.php\/contact\/","url":"https:\/\/msdesigner.fr\/index.php\/contact\/","name":"Contactez MSDESIGNER - Webdesigner freelance","isPartOf":{"@id":"https:\/\/msdesigner.fr\/#website"},"primaryImageOfPage":{"@id":"https:\/\/msdesigner.fr\/index.php\/contact\/#primaryimage"},"image":{"@id":"https:\/\/msdesigner.fr\/index.php\/contact\/#primaryimage"},"thumbnailUrl":"http:\/\/msdesigner.fr\/wp-content\/uploads\/2025\/01\/mec-tarpin-moche-scaled-e1737505692442-933x1024.jpg","datePublished":"2025-01-20T23:17:36+00:00","dateModified":"2025-02-10T15:32:00+00:00","description":"Vous avez un projet web ? Contactez MSDESIGNER, webdesigner freelance, pour cr\u00e9er un site sur-mesure. Je suis \u00e0 votre \u00e9coute.","breadcrumb":{"@id":"https:\/\/msdesigner.fr\/index.php\/contact\/#breadcrumb"},"inLanguage":"en-US","potentialAction":[{"@type":"ReadAction","target":["https:\/\/msdesigner.fr\/index.php\/contact\/"]}]},{"@type":"ImageObject","inLanguage":"en-US","@id":"https:\/\/msdesigner.fr\/index.php\/contact\/#primaryimage","url":"https:\/\/msdesigner.fr\/wp-content\/uploads\/2025\/01\/mec-tarpin-moche-scaled-e1737505692442.jpg","contentUrl":"https:\/\/msdesigner.fr\/wp-content\/uploads\/2025\/01\/mec-tarpin-moche-scaled-e1737505692442.jpg","width":1233,"height":1353},{"@type":"BreadcrumbList","@id":"https:\/\/msdesigner.fr\/index.php\/contact\/#breadcrumb","itemListElement":[{"@type":"ListItem","position":1,"name":"Accueil","item":"https:\/\/msdesigner.fr\/"},{"@type":"ListItem","position":2,"name":"Contact"}]},{"@type":"WebSite","@id":"https:\/\/msdesigner.fr\/#website","url":"https:\/\/msdesigner.fr\/","name":"MSDESIGNER","description":"Un site utilisant WordPress","publisher":{"@id":"https:\/\/msdesigner.fr\/#organization"},"potentialAction":[{"@type":"SearchAction","target":{"@type":"EntryPoint","urlTemplate":"https:\/\/msdesigner.fr\/?s={search_term_string}"},"query-input":{"@type":"PropertyValueSpecification","valueRequired":true,"valueName":"search_term_string"}}],"inLanguage":"en-US"},{"@type":"Organization","@id":"https:\/\/msdesigner.fr\/#organization","name":"MSDESIGN","url":"https:\/\/msdesigner.fr\/","logo":{"@type":"ImageObject","inLanguage":"en-US","@id":"https:\/\/msdesigner.fr\/#\/schema\/logo\/image\/","url":"http:\/\/msdesigner.fr\/wp-content\/uploads\/2025\/01\/Vector.svg","contentUrl":"http:\/\/msdesigner.fr\/wp-content\/uploads\/2025\/01\/Vector.svg","width":701,"height":70,"caption":"MSDESIGN"},"image":{"@id":"https:\/\/msdesigner.fr\/#\/schema\/logo\/image\/"}}]}},"_links":{"self":[{"href":"https:\/\/msdesigner.fr\/index.php\/wp-json\/wp\/v2\/pages\/30","targetHints":{"allow":["GET"]}}],"collection":[{"href":"https:\/\/msdesigner.fr\/index.php\/wp-json\/wp\/v2\/pages"}],"about":[{"href":"https:\/\/msdesigner.fr\/index.php\/wp-json\/wp\/v2\/types\/page"}],"author":[{"embeddable":true,"href":"https:\/\/msdesigner.fr\/index.php\/wp-json\/wp\/v2\/users\/1"}],"replies":[{"embeddable":true,"href":"https:\/\/msdesigner.fr\/index.php\/wp-json\/wp\/v2\/comments?post=30"}],"version-history":[{"count":20,"href":"https:\/\/msdesigner.fr\/index.php\/wp-json\/wp\/v2\/pages\/30\/revisions"}],"predecessor-version":[{"id":355,"href":"https:\/\/msdesigner.fr\/index.php\/wp-json\/wp\/v2\/pages\/30\/revisions\/355"}],"wp:attachment":[{"href":"https:\/\/msdesigner.fr\/index.php\/wp-json\/wp\/v2\/media?parent=30"}],"curies":[{"name":"wp","href":"https:\/\/api.w.org\/{rel}","templated":true}]}}