{"id":402,"date":"2025-02-16T00:25:16","date_gmt":"2025-02-15T23:25:16","guid":{"rendered":"https:\/\/msdesigner.fr\/?page_id=402"},"modified":"2025-02-16T01:26:54","modified_gmt":"2025-02-16T00:26:54","slug":"mentions-legales","status":"publish","type":"page","link":"https:\/\/msdesigner.fr\/index.php\/mentions-legales\/","title":{"rendered":"Mentions l\u00e9gales"},"content":{"rendered":"\t\t<div data-elementor-type=\"wp-page\" data-elementor-id=\"402\" class=\"elementor elementor-402\">\n\t\t\t\t<div class=\"elementor-element elementor-element-5562118 e-flex e-con-boxed e-con e-parent\" data-id=\"5562118\" data-element_type=\"container\" data-e-type=\"container\">\n\t\t\t\t\t<div class=\"e-con-inner\">\n\t\t\t\t<div class=\"elementor-element elementor-element-5e1ad5d elementor-widget elementor-widget-spacer\" data-id=\"5e1ad5d\" data-element_type=\"widget\" data-e-type=\"widget\" data-widget_type=\"spacer.default\">\n\t\t\t\t<div class=\"elementor-widget-container\">\n\t\t\t\t\t\t\t<div class=\"elementor-spacer\">\n\t\t\t<div class=\"elementor-spacer-inner\"><\/div>\n\t\t<\/div>\n\t\t\t\t\t\t<\/div>\n\t\t\t\t<\/div>\n\t\t\t\t\t<\/div>\n\t\t\t\t<\/div>\n\t\t<div class=\"elementor-element elementor-element-6eb9bd0 e-con-full e-flex e-con e-parent\" data-id=\"6eb9bd0\" data-element_type=\"container\" data-e-type=\"container\">\n\t\t\t\t<div class=\"elementor-element elementor-element-973a189 elementor-widget__width-initial elementor-widget elementor-widget-heading\" data-id=\"973a189\" data-element_type=\"widget\" data-e-type=\"widget\" data-widget_type=\"heading.default\">\n\t\t\t\t<div class=\"elementor-widget-container\">\n\t\t\t\t\t<h2 class=\"elementor-heading-title elementor-size-default\">Mentions l\u00e9gales<\/h2>\t\t\t\t<\/div>\n\t\t\t\t<\/div>\n\t\t\t\t<\/div>\n\t\t<div class=\"elementor-element elementor-element-7fd828c e-con-full e-flex e-con e-parent\" data-id=\"7fd828c\" data-element_type=\"container\" data-e-type=\"container\">\n\t\t<div class=\"elementor-element elementor-element-78c5423 e-con-full e-flex e-con e-child\" data-id=\"78c5423\" data-element_type=\"container\" data-e-type=\"container\">\n\t\t\t\t<div class=\"elementor-element elementor-element-77a80bf elementor-widget__width-initial elementor-widget elementor-widget-text-editor\" data-id=\"77a80bf\" data-element_type=\"widget\" data-e-type=\"widget\" data-widget_type=\"text-editor.default\">\n\t\t\t\t<div class=\"elementor-widget-container\">\n\t\t\t\t\t\t\t\t\t<h2 data-start=\"159\" data-end=\"179\">\u00c9diteur du site<\/h2>\n<p data-start=\"180\" data-end=\"503\"><strong data-start=\"180\" data-end=\"195\">Nom du site<\/strong> : MSDESIGNER<br data-start=\"208\" data-end=\"211\"><strong data-start=\"211\" data-end=\"244\">Responsable de la publication<\/strong> : MSDESIGN<br data-start=\"270\" data-end=\"273\"><strong data-start=\"273\" data-end=\"283\">Statut<\/strong> : Auto-entrepreneur<br data-start=\"303\" data-end=\"306\"><strong data-start=\"306\" data-end=\"315\">SIRET<\/strong> :&nbsp;939797171<br data-start=\"339\" data-end=\"342\"><strong data-start=\"342\" data-end=\"353\">Adresse<\/strong> : Adresse disponible sur demande<br data-start=\"405\" data-end=\"408\"><strong data-start=\"408\" data-end=\"417\">Email<\/strong> : msdesign.ws@gmail.com&nbsp;<br><\/p>\n<h2 data-start=\"505\" data-end=\"521\">H\u00e9bergement<\/h2>\n<p data-start=\"522\" data-end=\"622\"><strong data-start=\"522\" data-end=\"535\">H\u00e9bergeur<\/strong> : OVH<br data-start=\"541\" data-end=\"544\"><strong data-start=\"544\" data-end=\"555\">Adresse<\/strong> : 2 rue Kellermann, 59100 Roubaix, France<br data-start=\"597\" data-end=\"600\"><strong data-start=\"600\" data-end=\"613\">T\u00e9l\u00e9phone<\/strong> : 1007<\/p>\n<h2 data-start=\"624\" data-end=\"653\">Propri\u00e9t\u00e9 intellectuelle<\/h2>\n<p data-start=\"654\" data-end=\"846\">L\u2019ensemble des contenus pr\u00e9sents sur ce site (textes, images, logo, etc.) est prot\u00e9g\u00e9 par le droit d\u2019auteur. Toute reproduction, distribution ou modification sans autorisation est interdite.<\/p>\n<h2 data-start=\"848\" data-end=\"867\">Responsabilit\u00e9<\/h2>\n<p data-start=\"868\" data-end=\"999\">L\u2019\u00e9diteur du site ne saurait \u00eatre tenu responsable des erreurs, omissions ou des \u00e9ventuels dommages li\u00e9s \u00e0 l\u2019utilisation du site.<\/p>\n<h2 data-start=\"1001\" data-end=\"1020\">Liens externes<\/h2>\n<p data-start=\"1021\" data-end=\"1124\">Le site peut contenir des liens vers des sites tiers dont l\u2019\u00e9diteur n\u2019est pas responsable du contenu.<\/p>\t\t\t\t\t\t\t\t<\/div>\n\t\t\t\t<\/div>\n\t\t\t\t<\/div>\n\t\t\t\t<\/div>\n\t\t\t\t<\/div>\n\t\t","protected":false},"excerpt":{"rendered":"<p>Mentions l\u00e9gales \u00c9diteur du site Nom du site : MSDESIGNERResponsable de la publication : MSDESIGNStatut : Auto-entrepreneurSIRET :&nbsp;939797171Adresse : Adresse disponible sur demandeEmail : msdesign.ws@gmail.com&nbsp; H\u00e9bergement H\u00e9bergeur : OVHAdresse : 2 rue Kellermann, 59100 Roubaix, FranceT\u00e9l\u00e9phone : 1007 Propri\u00e9t\u00e9 intellectuelle L\u2019ensemble des contenus pr\u00e9sents sur ce site (textes, images, logo, etc.) est prot\u00e9g\u00e9 par le [&hellip;]<\/p>\n","protected":false},"author":1,"featured_media":0,"parent":0,"menu_order":0,"comment_status":"closed","ping_status":"closed","template":"","meta":{"inline_featured_image":false,"footnotes":""},"class_list":["post-402","page","type-page","status-publish","hentry"],"yoast_head":"<!-- This site is optimized with the Yoast SEO plugin v27.5 - https:\/\/yoast.com\/product\/yoast-seo-wordpress\/ -->\n<title>Mentions l\u00e9gales - WordPress<\/title>\n<meta name=\"robots\" content=\"index, follow, max-snippet:-1, max-image-preview:large, max-video-preview:-1\" \/>\n<link rel=\"canonical\" href=\"https:\/\/msdesigner.fr\/index.php\/mentions-legales\/\" \/>\n<meta property=\"og:locale\" content=\"en_US\" \/>\n<meta property=\"og:type\" content=\"article\" \/>\n<meta property=\"og:title\" content=\"Mentions l\u00e9gales - WordPress\" \/>\n<meta property=\"og:description\" content=\"Mentions l\u00e9gales \u00c9diteur du site Nom du site : MSDESIGNERResponsable de la publication : MSDESIGNStatut : Auto-entrepreneurSIRET :&nbsp;939797171Adresse : Adresse disponible sur demandeEmail : msdesign.ws@gmail.com&nbsp; H\u00e9bergement H\u00e9bergeur : OVHAdresse : 2 rue Kellermann, 59100 Roubaix, FranceT\u00e9l\u00e9phone : 1007 Propri\u00e9t\u00e9 intellectuelle L\u2019ensemble des contenus pr\u00e9sents sur ce site (textes, images, logo, etc.) est prot\u00e9g\u00e9 par le [&hellip;]\" \/>\n<meta property=\"og:url\" content=\"https:\/\/msdesigner.fr\/index.php\/mentions-legales\/\" \/>\n<meta property=\"og:site_name\" content=\"WordPress\" \/>\n<meta property=\"article:modified_time\" content=\"2025-02-16T00:26:54+00:00\" \/>\n<meta name=\"twitter:card\" content=\"summary_large_image\" \/>\n<meta name=\"twitter:label1\" content=\"Est. reading time\" \/>\n\t<meta name=\"twitter:data1\" content=\"1 minute\" \/>\n<script type=\"application\/ld+json\" class=\"yoast-schema-graph\">{\"@context\":\"https:\\\/\\\/schema.org\",\"@graph\":[{\"@type\":\"WebPage\",\"@id\":\"https:\\\/\\\/msdesigner.fr\\\/index.php\\\/mentions-legales\\\/\",\"url\":\"https:\\\/\\\/msdesigner.fr\\\/index.php\\\/mentions-legales\\\/\",\"name\":\"Mentions l\u00e9gales - WordPress\",\"isPartOf\":{\"@id\":\"https:\\\/\\\/msdesigner.fr\\\/#website\"},\"datePublished\":\"2025-02-15T23:25:16+00:00\",\"dateModified\":\"2025-02-16T00:26:54+00:00\",\"breadcrumb\":{\"@id\":\"https:\\\/\\\/msdesigner.fr\\\/index.php\\\/mentions-legales\\\/#breadcrumb\"},\"inLanguage\":\"en-US\",\"potentialAction\":[{\"@type\":\"ReadAction\",\"target\":[\"https:\\\/\\\/msdesigner.fr\\\/index.php\\\/mentions-legales\\\/\"]}]},{\"@type\":\"BreadcrumbList\",\"@id\":\"https:\\\/\\\/msdesigner.fr\\\/index.php\\\/mentions-legales\\\/#breadcrumb\",\"itemListElement\":[{\"@type\":\"ListItem\",\"position\":1,\"name\":\"Accueil\",\"item\":\"https:\\\/\\\/msdesigner.fr\\\/\"},{\"@type\":\"ListItem\",\"position\":2,\"name\":\"Mentions l\u00e9gales\"}]},{\"@type\":\"WebSite\",\"@id\":\"https:\\\/\\\/msdesigner.fr\\\/#website\",\"url\":\"https:\\\/\\\/msdesigner.fr\\\/\",\"name\":\"MSDESIGNER\",\"description\":\"Un site utilisant WordPress\",\"publisher\":{\"@id\":\"https:\\\/\\\/msdesigner.fr\\\/#organization\"},\"potentialAction\":[{\"@type\":\"SearchAction\",\"target\":{\"@type\":\"EntryPoint\",\"urlTemplate\":\"https:\\\/\\\/msdesigner.fr\\\/?s={search_term_string}\"},\"query-input\":{\"@type\":\"PropertyValueSpecification\",\"valueRequired\":true,\"valueName\":\"search_term_string\"}}],\"inLanguage\":\"en-US\"},{\"@type\":\"Organization\",\"@id\":\"https:\\\/\\\/msdesigner.fr\\\/#organization\",\"name\":\"MSDESIGN\",\"url\":\"https:\\\/\\\/msdesigner.fr\\\/\",\"logo\":{\"@type\":\"ImageObject\",\"inLanguage\":\"en-US\",\"@id\":\"https:\\\/\\\/msdesigner.fr\\\/#\\\/schema\\\/logo\\\/image\\\/\",\"url\":\"http:\\\/\\\/msdesigner.fr\\\/wp-content\\\/uploads\\\/2025\\\/01\\\/Vector.svg\",\"contentUrl\":\"http:\\\/\\\/msdesigner.fr\\\/wp-content\\\/uploads\\\/2025\\\/01\\\/Vector.svg\",\"width\":701,\"height\":70,\"caption\":\"MSDESIGN\"},\"image\":{\"@id\":\"https:\\\/\\\/msdesigner.fr\\\/#\\\/schema\\\/logo\\\/image\\\/\"}}]}<\/script>\n<!-- \/ Yoast SEO plugin. -->","yoast_head_json":{"title":"Mentions l\u00e9gales - WordPress","robots":{"index":"index","follow":"follow","max-snippet":"max-snippet:-1","max-image-preview":"max-image-preview:large","max-video-preview":"max-video-preview:-1"},"canonical":"https:\/\/msdesigner.fr\/index.php\/mentions-legales\/","og_locale":"en_US","og_type":"article","og_title":"Mentions l\u00e9gales - WordPress","og_description":"Mentions l\u00e9gales \u00c9diteur du site Nom du site : MSDESIGNERResponsable de la publication : MSDESIGNStatut : Auto-entrepreneurSIRET :&nbsp;939797171Adresse : Adresse disponible sur demandeEmail : msdesign.ws@gmail.com&nbsp; H\u00e9bergement H\u00e9bergeur : OVHAdresse : 2 rue Kellermann, 59100 Roubaix, FranceT\u00e9l\u00e9phone : 1007 Propri\u00e9t\u00e9 intellectuelle L\u2019ensemble des contenus pr\u00e9sents sur ce site (textes, images, logo, etc.) est prot\u00e9g\u00e9 par le [&hellip;]","og_url":"https:\/\/msdesigner.fr\/index.php\/mentions-legales\/","og_site_name":"WordPress","article_modified_time":"2025-02-16T00:26:54+00:00","twitter_card":"summary_large_image","twitter_misc":{"Est. reading time":"1 minute"},"schema":{"@context":"https:\/\/schema.org","@graph":[{"@type":"WebPage","@id":"https:\/\/msdesigner.fr\/index.php\/mentions-legales\/","url":"https:\/\/msdesigner.fr\/index.php\/mentions-legales\/","name":"Mentions l\u00e9gales - WordPress","isPartOf":{"@id":"https:\/\/msdesigner.fr\/#website"},"datePublished":"2025-02-15T23:25:16+00:00","dateModified":"2025-02-16T00:26:54+00:00","breadcrumb":{"@id":"https:\/\/msdesigner.fr\/index.php\/mentions-legales\/#breadcrumb"},"inLanguage":"en-US","potentialAction":[{"@type":"ReadAction","target":["https:\/\/msdesigner.fr\/index.php\/mentions-legales\/"]}]},{"@type":"BreadcrumbList","@id":"https:\/\/msdesigner.fr\/index.php\/mentions-legales\/#breadcrumb","itemListElement":[{"@type":"ListItem","position":1,"name":"Accueil","item":"https:\/\/msdesigner.fr\/"},{"@type":"ListItem","position":2,"name":"Mentions l\u00e9gales"}]},{"@type":"WebSite","@id":"https:\/\/msdesigner.fr\/#website","url":"https:\/\/msdesigner.fr\/","name":"MSDESIGNER","description":"Un site utilisant WordPress","publisher":{"@id":"https:\/\/msdesigner.fr\/#organization"},"potentialAction":[{"@type":"SearchAction","target":{"@type":"EntryPoint","urlTemplate":"https:\/\/msdesigner.fr\/?s={search_term_string}"},"query-input":{"@type":"PropertyValueSpecification","valueRequired":true,"valueName":"search_term_string"}}],"inLanguage":"en-US"},{"@type":"Organization","@id":"https:\/\/msdesigner.fr\/#organization","name":"MSDESIGN","url":"https:\/\/msdesigner.fr\/","logo":{"@type":"ImageObject","inLanguage":"en-US","@id":"https:\/\/msdesigner.fr\/#\/schema\/logo\/image\/","url":"http:\/\/msdesigner.fr\/wp-content\/uploads\/2025\/01\/Vector.svg","contentUrl":"http:\/\/msdesigner.fr\/wp-content\/uploads\/2025\/01\/Vector.svg","width":701,"height":70,"caption":"MSDESIGN"},"image":{"@id":"https:\/\/msdesigner.fr\/#\/schema\/logo\/image\/"}}]}},"_links":{"self":[{"href":"https:\/\/msdesigner.fr\/index.php\/wp-json\/wp\/v2\/pages\/402","targetHints":{"allow":["GET"]}}],"collection":[{"href":"https:\/\/msdesigner.fr\/index.php\/wp-json\/wp\/v2\/pages"}],"about":[{"href":"https:\/\/msdesigner.fr\/index.php\/wp-json\/wp\/v2\/types\/page"}],"author":[{"embeddable":true,"href":"https:\/\/msdesigner.fr\/index.php\/wp-json\/wp\/v2\/users\/1"}],"replies":[{"embeddable":true,"href":"https:\/\/msdesigner.fr\/index.php\/wp-json\/wp\/v2\/comments?post=402"}],"version-history":[{"count":10,"href":"https:\/\/msdesigner.fr\/index.php\/wp-json\/wp\/v2\/pages\/402\/revisions"}],"predecessor-version":[{"id":441,"href":"https:\/\/msdesigner.fr\/index.php\/wp-json\/wp\/v2\/pages\/402\/revisions\/441"}],"wp:attachment":[{"href":"https:\/\/msdesigner.fr\/index.php\/wp-json\/wp\/v2\/media?parent=402"}],"curies":[{"name":"wp","href":"https:\/\/api.w.org\/{rel}","templated":true}]}}