{"id":411,"date":"2025-02-16T00:32:46","date_gmt":"2025-02-15T23:32:46","guid":{"rendered":"https:\/\/msdesigner.fr\/?page_id=411"},"modified":"2025-02-16T01:09:38","modified_gmt":"2025-02-16T00:09:38","slug":"rgpd","status":"publish","type":"page","link":"https:\/\/msdesigner.fr\/index.php\/rgpd\/","title":{"rendered":"RGPD"},"content":{"rendered":"\t\t<div data-elementor-type=\"wp-page\" data-elementor-id=\"411\" class=\"elementor elementor-411\">\n\t\t\t\t<div class=\"elementor-element elementor-element-fe58fa1 e-flex e-con-boxed e-con e-parent\" data-id=\"fe58fa1\" data-element_type=\"container\" data-e-type=\"container\">\n\t\t\t\t\t<div class=\"e-con-inner\">\n\t\t\t\t<div class=\"elementor-element elementor-element-fcbe81b elementor-widget elementor-widget-spacer\" data-id=\"fcbe81b\" data-element_type=\"widget\" data-e-type=\"widget\" data-widget_type=\"spacer.default\">\n\t\t\t\t<div class=\"elementor-widget-container\">\n\t\t\t\t\t\t\t<div class=\"elementor-spacer\">\n\t\t\t<div class=\"elementor-spacer-inner\"><\/div>\n\t\t<\/div>\n\t\t\t\t\t\t<\/div>\n\t\t\t\t<\/div>\n\t\t<div class=\"elementor-element elementor-element-9e859c2 e-con-full e-flex e-con e-child\" data-id=\"9e859c2\" data-element_type=\"container\" data-e-type=\"container\">\n\t\t\t\t<div class=\"elementor-element elementor-element-9394c6f elementor-widget__width-initial elementor-widget elementor-widget-heading\" data-id=\"9394c6f\" data-element_type=\"widget\" data-e-type=\"widget\" data-widget_type=\"heading.default\">\n\t\t\t\t<div class=\"elementor-widget-container\">\n\t\t\t\t\t<h2 class=\"elementor-heading-title elementor-size-default\">RGPD<\/h2>\t\t\t\t<\/div>\n\t\t\t\t<\/div>\n\t\t\t\t<\/div>\n\t\t\t\t\t<\/div>\n\t\t\t\t<\/div>\n\t\t<div class=\"elementor-element elementor-element-593257c e-con-full e-flex e-con e-parent\" data-id=\"593257c\" data-element_type=\"container\" data-e-type=\"container\">\n\t\t<div class=\"elementor-element elementor-element-f04f2d0 e-con-full e-flex e-con e-child\" data-id=\"f04f2d0\" data-element_type=\"container\" data-e-type=\"container\">\n\t\t\t\t<div class=\"elementor-element elementor-element-a617941 elementor-widget__width-initial elementor-widget-mobile__width-initial elementor-widget elementor-widget-text-editor\" data-id=\"a617941\" data-element_type=\"widget\" data-e-type=\"widget\" data-widget_type=\"text-editor.default\">\n\t\t\t\t<div class=\"elementor-widget-container\">\n\t\t\t\t\t\t\t\t\t<h1 data-start=\"1131\" data-end=\"1170\">Politique de confidentialit\u00e9 (RGPD)<\/h1>\n<h2 data-start=\"1172\" data-end=\"1210\">Collecte des donn\u00e9es personnelles<\/h2>\n<p data-start=\"1211\" data-end=\"1267\">Les donn\u00e9es personnelles collect\u00e9es sur ce site sont :<\/p><p data-start=\"1211\" data-end=\"1267\"><span style=\"background-color: transparent;\">Nom et pr\u00e9nom (via le formulaire de contact)<\/span><\/p><p data-start=\"1211\" data-end=\"1267\"><span style=\"background-color: transparent;\">Adresse email (via le formulaire de contact)<\/span><\/p><p data-start=\"1211\" data-end=\"1267\"><span style=\"background-color: transparent;\">Toute autre information que l\u2019utilisateur fournit volontairement<\/span><\/p>\n<h2 data-start=\"1436\" data-end=\"1463\">Finalit\u00e9 du traitement<\/h2>\n<p data-start=\"1464\" data-end=\"1584\">Les donn\u00e9es sont collect\u00e9es uniquement pour r\u00e9pondre aux demandes des utilisateurs et am\u00e9liorer les services propos\u00e9s.<\/p>\n<h2 data-start=\"1586\" data-end=\"1615\">Conservation des donn\u00e9es<\/h2>\n<p data-start=\"1616\" data-end=\"1706\">Les donn\u00e9es sont conserv\u00e9es pendant une dur\u00e9e de 3 ans maximum apr\u00e8s le dernier contact.<\/p>\n<h2 data-start=\"1708\" data-end=\"1732\">Partage des donn\u00e9es<\/h2>\n<p data-start=\"1733\" data-end=\"1821\">Les donn\u00e9es ne sont pas revendues ni partag\u00e9es avec des tiers, sauf obligation l\u00e9gale.<\/p>\n<h2 data-start=\"1823\" data-end=\"1836\">S\u00e9curit\u00e9<\/h2>\n<p data-start=\"1837\" data-end=\"1940\">Toutes les mesures sont prises pour prot\u00e9ger les donn\u00e9es personnelles contre tout acc\u00e8s non autoris\u00e9.<\/p>\n<h2 data-start=\"1942\" data-end=\"1970\">Droits des utilisateurs<\/h2>\n<p data-start=\"1971\" data-end=\"2137\">Conform\u00e9ment au RGPD, vous avez le droit d\u2019acc\u00e9der, de rectifier et de supprimer vos donn\u00e9es personnelles. Pour exercer ces droits, contactez-moi \u00e0 <b>msdesign.ws@gmail.com<\/b>.<\/p>\t\t\t\t\t\t\t\t<\/div>\n\t\t\t\t<\/div>\n\t\t\t\t<\/div>\n\t\t\t\t<\/div>\n\t\t\t\t<\/div>\n\t\t","protected":false},"excerpt":{"rendered":"<p>RGPD Politique de confidentialit\u00e9 (RGPD) Collecte des donn\u00e9es personnelles Les donn\u00e9es personnelles collect\u00e9es sur ce site sont : Nom et pr\u00e9nom (via le formulaire de contact) Adresse email (via le formulaire de contact) Toute autre information que l\u2019utilisateur fournit volontairement Finalit\u00e9 du traitement Les donn\u00e9es sont collect\u00e9es uniquement pour r\u00e9pondre aux demandes des utilisateurs et [&hellip;]<\/p>\n","protected":false},"author":1,"featured_media":0,"parent":0,"menu_order":0,"comment_status":"closed","ping_status":"closed","template":"","meta":{"inline_featured_image":false,"footnotes":""},"class_list":["post-411","page","type-page","status-publish","hentry"],"yoast_head":"<!-- This site is optimized with the Yoast SEO plugin v27.4 - https:\/\/yoast.com\/product\/yoast-seo-wordpress\/ -->\n<title>RGPD - WordPress<\/title>\n<meta name=\"robots\" content=\"index, follow, max-snippet:-1, max-image-preview:large, max-video-preview:-1\" \/>\n<link rel=\"canonical\" href=\"https:\/\/msdesigner.fr\/index.php\/rgpd\/\" \/>\n<meta property=\"og:locale\" content=\"en_US\" \/>\n<meta property=\"og:type\" content=\"article\" \/>\n<meta property=\"og:title\" content=\"RGPD - WordPress\" \/>\n<meta property=\"og:description\" content=\"RGPD Politique de confidentialit\u00e9 (RGPD) Collecte des donn\u00e9es personnelles Les donn\u00e9es personnelles collect\u00e9es sur ce site sont : Nom et pr\u00e9nom (via le formulaire de contact) Adresse email (via le formulaire de contact) Toute autre information que l\u2019utilisateur fournit volontairement Finalit\u00e9 du traitement Les donn\u00e9es sont collect\u00e9es uniquement pour r\u00e9pondre aux demandes des utilisateurs et [&hellip;]\" \/>\n<meta property=\"og:url\" content=\"https:\/\/msdesigner.fr\/index.php\/rgpd\/\" \/>\n<meta property=\"og:site_name\" content=\"WordPress\" \/>\n<meta property=\"article:modified_time\" content=\"2025-02-16T00:09:38+00:00\" \/>\n<meta name=\"twitter:card\" content=\"summary_large_image\" \/>\n<meta name=\"twitter:label1\" content=\"Est. reading time\" \/>\n\t<meta name=\"twitter:data1\" content=\"1 minute\" \/>\n<script type=\"application\/ld+json\" class=\"yoast-schema-graph\">{\"@context\":\"https:\\\/\\\/schema.org\",\"@graph\":[{\"@type\":\"WebPage\",\"@id\":\"https:\\\/\\\/msdesigner.fr\\\/index.php\\\/rgpd\\\/\",\"url\":\"https:\\\/\\\/msdesigner.fr\\\/index.php\\\/rgpd\\\/\",\"name\":\"RGPD - WordPress\",\"isPartOf\":{\"@id\":\"https:\\\/\\\/msdesigner.fr\\\/#website\"},\"datePublished\":\"2025-02-15T23:32:46+00:00\",\"dateModified\":\"2025-02-16T00:09:38+00:00\",\"breadcrumb\":{\"@id\":\"https:\\\/\\\/msdesigner.fr\\\/index.php\\\/rgpd\\\/#breadcrumb\"},\"inLanguage\":\"en-US\",\"potentialAction\":[{\"@type\":\"ReadAction\",\"target\":[\"https:\\\/\\\/msdesigner.fr\\\/index.php\\\/rgpd\\\/\"]}]},{\"@type\":\"BreadcrumbList\",\"@id\":\"https:\\\/\\\/msdesigner.fr\\\/index.php\\\/rgpd\\\/#breadcrumb\",\"itemListElement\":[{\"@type\":\"ListItem\",\"position\":1,\"name\":\"Accueil\",\"item\":\"https:\\\/\\\/msdesigner.fr\\\/\"},{\"@type\":\"ListItem\",\"position\":2,\"name\":\"RGPD\"}]},{\"@type\":\"WebSite\",\"@id\":\"https:\\\/\\\/msdesigner.fr\\\/#website\",\"url\":\"https:\\\/\\\/msdesigner.fr\\\/\",\"name\":\"MSDESIGNER\",\"description\":\"Un site utilisant WordPress\",\"publisher\":{\"@id\":\"https:\\\/\\\/msdesigner.fr\\\/#organization\"},\"potentialAction\":[{\"@type\":\"SearchAction\",\"target\":{\"@type\":\"EntryPoint\",\"urlTemplate\":\"https:\\\/\\\/msdesigner.fr\\\/?s={search_term_string}\"},\"query-input\":{\"@type\":\"PropertyValueSpecification\",\"valueRequired\":true,\"valueName\":\"search_term_string\"}}],\"inLanguage\":\"en-US\"},{\"@type\":\"Organization\",\"@id\":\"https:\\\/\\\/msdesigner.fr\\\/#organization\",\"name\":\"MSDESIGN\",\"url\":\"https:\\\/\\\/msdesigner.fr\\\/\",\"logo\":{\"@type\":\"ImageObject\",\"inLanguage\":\"en-US\",\"@id\":\"https:\\\/\\\/msdesigner.fr\\\/#\\\/schema\\\/logo\\\/image\\\/\",\"url\":\"http:\\\/\\\/msdesigner.fr\\\/wp-content\\\/uploads\\\/2025\\\/01\\\/Vector.svg\",\"contentUrl\":\"http:\\\/\\\/msdesigner.fr\\\/wp-content\\\/uploads\\\/2025\\\/01\\\/Vector.svg\",\"width\":701,\"height\":70,\"caption\":\"MSDESIGN\"},\"image\":{\"@id\":\"https:\\\/\\\/msdesigner.fr\\\/#\\\/schema\\\/logo\\\/image\\\/\"}}]}<\/script>\n<!-- \/ Yoast SEO plugin. -->","yoast_head_json":{"title":"RGPD - WordPress","robots":{"index":"index","follow":"follow","max-snippet":"max-snippet:-1","max-image-preview":"max-image-preview:large","max-video-preview":"max-video-preview:-1"},"canonical":"https:\/\/msdesigner.fr\/index.php\/rgpd\/","og_locale":"en_US","og_type":"article","og_title":"RGPD - WordPress","og_description":"RGPD Politique de confidentialit\u00e9 (RGPD) Collecte des donn\u00e9es personnelles Les donn\u00e9es personnelles collect\u00e9es sur ce site sont : Nom et pr\u00e9nom (via le formulaire de contact) Adresse email (via le formulaire de contact) Toute autre information que l\u2019utilisateur fournit volontairement Finalit\u00e9 du traitement Les donn\u00e9es sont collect\u00e9es uniquement pour r\u00e9pondre aux demandes des utilisateurs et [&hellip;]","og_url":"https:\/\/msdesigner.fr\/index.php\/rgpd\/","og_site_name":"WordPress","article_modified_time":"2025-02-16T00:09:38+00:00","twitter_card":"summary_large_image","twitter_misc":{"Est. reading time":"1 minute"},"schema":{"@context":"https:\/\/schema.org","@graph":[{"@type":"WebPage","@id":"https:\/\/msdesigner.fr\/index.php\/rgpd\/","url":"https:\/\/msdesigner.fr\/index.php\/rgpd\/","name":"RGPD - WordPress","isPartOf":{"@id":"https:\/\/msdesigner.fr\/#website"},"datePublished":"2025-02-15T23:32:46+00:00","dateModified":"2025-02-16T00:09:38+00:00","breadcrumb":{"@id":"https:\/\/msdesigner.fr\/index.php\/rgpd\/#breadcrumb"},"inLanguage":"en-US","potentialAction":[{"@type":"ReadAction","target":["https:\/\/msdesigner.fr\/index.php\/rgpd\/"]}]},{"@type":"BreadcrumbList","@id":"https:\/\/msdesigner.fr\/index.php\/rgpd\/#breadcrumb","itemListElement":[{"@type":"ListItem","position":1,"name":"Accueil","item":"https:\/\/msdesigner.fr\/"},{"@type":"ListItem","position":2,"name":"RGPD"}]},{"@type":"WebSite","@id":"https:\/\/msdesigner.fr\/#website","url":"https:\/\/msdesigner.fr\/","name":"MSDESIGNER","description":"Un site utilisant WordPress","publisher":{"@id":"https:\/\/msdesigner.fr\/#organization"},"potentialAction":[{"@type":"SearchAction","target":{"@type":"EntryPoint","urlTemplate":"https:\/\/msdesigner.fr\/?s={search_term_string}"},"query-input":{"@type":"PropertyValueSpecification","valueRequired":true,"valueName":"search_term_string"}}],"inLanguage":"en-US"},{"@type":"Organization","@id":"https:\/\/msdesigner.fr\/#organization","name":"MSDESIGN","url":"https:\/\/msdesigner.fr\/","logo":{"@type":"ImageObject","inLanguage":"en-US","@id":"https:\/\/msdesigner.fr\/#\/schema\/logo\/image\/","url":"http:\/\/msdesigner.fr\/wp-content\/uploads\/2025\/01\/Vector.svg","contentUrl":"http:\/\/msdesigner.fr\/wp-content\/uploads\/2025\/01\/Vector.svg","width":701,"height":70,"caption":"MSDESIGN"},"image":{"@id":"https:\/\/msdesigner.fr\/#\/schema\/logo\/image\/"}}]}},"_links":{"self":[{"href":"https:\/\/msdesigner.fr\/index.php\/wp-json\/wp\/v2\/pages\/411","targetHints":{"allow":["GET"]}}],"collection":[{"href":"https:\/\/msdesigner.fr\/index.php\/wp-json\/wp\/v2\/pages"}],"about":[{"href":"https:\/\/msdesigner.fr\/index.php\/wp-json\/wp\/v2\/types\/page"}],"author":[{"embeddable":true,"href":"https:\/\/msdesigner.fr\/index.php\/wp-json\/wp\/v2\/users\/1"}],"replies":[{"embeddable":true,"href":"https:\/\/msdesigner.fr\/index.php\/wp-json\/wp\/v2\/comments?post=411"}],"version-history":[{"count":10,"href":"https:\/\/msdesigner.fr\/index.php\/wp-json\/wp\/v2\/pages\/411\/revisions"}],"predecessor-version":[{"id":438,"href":"https:\/\/msdesigner.fr\/index.php\/wp-json\/wp\/v2\/pages\/411\/revisions\/438"}],"wp:attachment":[{"href":"https:\/\/msdesigner.fr\/index.php\/wp-json\/wp\/v2\/media?parent=411"}],"curies":[{"name":"wp","href":"https:\/\/api.w.org\/{rel}","templated":true}]}}