{"id":7,"date":"2025-01-21T00:18:31","date_gmt":"2025-01-20T23:18:31","guid":{"rendered":"https:\/\/msdesigner.fr\/?page_id=7"},"modified":"2025-02-16T00:14:14","modified_gmt":"2025-02-15T23:14:14","slug":"a-propos","status":"publish","type":"page","link":"https:\/\/msdesigner.fr\/index.php\/a-propos\/","title":{"rendered":"A propos"},"content":{"rendered":"\t\t<div data-elementor-type=\"wp-post\" data-elementor-id=\"7\" class=\"elementor elementor-7\">\n\t\t\t\t<div class=\"elementor-element elementor-element-85d0bf9 e-flex e-con-boxed e-con e-parent\" data-id=\"85d0bf9\" data-element_type=\"container\" data-e-type=\"container\">\n\t\t\t\t\t<div class=\"e-con-inner\">\n\t\t\t\t<div class=\"elementor-element elementor-element-b1c4ae9 elementor-widget__width-initial elementor-absolute elementor-hidden-tablet elementor-hidden-mobile elementor-widget elementor-widget-image\" data-id=\"b1c4ae9\" data-element_type=\"widget\" data-e-type=\"widget\" data-settings=\"{&quot;_position&quot;:&quot;absolute&quot;}\" data-widget_type=\"image.default\">\n\t\t\t\t<div class=\"elementor-widget-container\">\n\t\t\t\t\t\t\t\t\t\t\t\t\t\t\t<img fetchpriority=\"high\" decoding=\"async\" width=\"800\" height=\"707\" src=\"https:\/\/msdesigner.fr\/wp-content\/uploads\/2025\/01\/F-scaled-e1737504963311-1024x905.jpg\" class=\"attachment-large size-large wp-image-150\" alt=\"\" srcset=\"https:\/\/msdesigner.fr\/wp-content\/uploads\/2025\/01\/F-scaled-e1737504963311-1024x905.jpg 1024w, https:\/\/msdesigner.fr\/wp-content\/uploads\/2025\/01\/F-scaled-e1737504963311-300x265.jpg 300w, https:\/\/msdesigner.fr\/wp-content\/uploads\/2025\/01\/F-scaled-e1737504963311-768x679.jpg 768w, https:\/\/msdesigner.fr\/wp-content\/uploads\/2025\/01\/F-scaled-e1737504963311.jpg 1097w\" sizes=\"(max-width: 800px) 100vw, 800px\" \/>\t\t\t\t\t\t\t\t\t\t\t\t\t\t\t<\/div>\n\t\t\t\t<\/div>\n\t\t\t\t\t<\/div>\n\t\t\t\t<\/div>\n\t\t<div class=\"elementor-element elementor-element-66d5506 e-flex e-con-boxed e-con e-parent\" data-id=\"66d5506\" data-element_type=\"container\" data-e-type=\"container\">\n\t\t\t\t\t<div class=\"e-con-inner\">\n\t\t\t\t<div class=\"elementor-element elementor-element-f54e2e2 elementor-widget__width-initial elementor-widget-mobile__width-initial elementor-widget elementor-widget-heading\" data-id=\"f54e2e2\" data-element_type=\"widget\" data-e-type=\"widget\" data-widget_type=\"heading.default\">\n\t\t\t\t<div class=\"elementor-widget-container\">\n\t\t\t\t\t<h2 class=\"elementor-heading-title elementor-size-default\">Votre projet m\u00e9rite un design\n\u00e0 la hauteur\u202f: ma passion du web\nfait toute la diff\u00e9rence.<\/h2>\t\t\t\t<\/div>\n\t\t\t\t<\/div>\n\t\t\t\t<div class=\"elementor-element elementor-element-ce7942a elementor-widget__width-initial elementor-widget-mobile__width-initial elementor-widget elementor-widget-text-editor\" data-id=\"ce7942a\" data-element_type=\"widget\" data-e-type=\"widget\" data-widget_type=\"text-editor.default\">\n\t\t\t\t<div class=\"elementor-widget-container\">\n\t\t\t\t\t\t\t\t\t<p>Un design r\u00e9fl\u00e9chi, qui correspond \u00e0 vos attentes et \u00e0 celles de vos utilisateurs.<\/p>\t\t\t\t\t\t\t\t<\/div>\n\t\t\t\t<\/div>\n\t\t\t\t<div class=\"elementor-element elementor-element-6da7c64 elementor-align-center elementor-widget elementor-widget-button\" data-id=\"6da7c64\" data-element_type=\"widget\" data-e-type=\"widget\" data-widget_type=\"button.default\">\n\t\t\t\t<div class=\"elementor-widget-container\">\n\t\t\t\t\t\t\t\t\t<div class=\"elementor-button-wrapper\">\n\t\t\t\t\t<a class=\"elementor-button elementor-button-link elementor-size-sm\" href=\"https:\/\/msdesigner.fr\/index.php\/contact\/\">\n\t\t\t\t\t\t<span class=\"elementor-button-content-wrapper\">\n\t\t\t\t\t\t\t\t\t<span class=\"elementor-button-text\">En discuter ?<\/span>\n\t\t\t\t\t<\/span>\n\t\t\t\t\t<\/a>\n\t\t\t\t<\/div>\n\t\t\t\t\t\t\t\t<\/div>\n\t\t\t\t<\/div>\n\t\t\t\t\t<\/div>\n\t\t\t\t<\/div>\n\t\t<div class=\"elementor-element elementor-element-ca1889f e-flex e-con-boxed e-con e-parent\" data-id=\"ca1889f\" data-element_type=\"container\" data-e-type=\"container\">\n\t\t\t\t\t<div class=\"e-con-inner\">\n\t\t\t\t<div class=\"elementor-element elementor-element-42206a8 elementor-widget elementor-widget-spacer\" data-id=\"42206a8\" data-element_type=\"widget\" data-e-type=\"widget\" data-widget_type=\"spacer.default\">\n\t\t\t\t<div class=\"elementor-widget-container\">\n\t\t\t\t\t\t\t<div class=\"elementor-spacer\">\n\t\t\t<div class=\"elementor-spacer-inner\"><\/div>\n\t\t<\/div>\n\t\t\t\t\t\t<\/div>\n\t\t\t\t<\/div>\n\t\t\t\t\t<\/div>\n\t\t\t\t<\/div>\n\t\t<div class=\"elementor-element elementor-element-bf4ea41 e-con-full e-flex e-con e-parent\" data-id=\"bf4ea41\" data-element_type=\"container\" data-e-type=\"container\">\n\t\t\t\t<div class=\"elementor-element elementor-element-fd6f177 elementor-widget elementor-widget-heading\" data-id=\"fd6f177\" data-element_type=\"widget\" data-e-type=\"widget\" data-widget_type=\"heading.default\">\n\t\t\t\t<div class=\"elementor-widget-container\">\n\t\t\t\t\t<h2 class=\"elementor-heading-title elementor-size-default\">Un aper\u00e7u de qui je suis<\/h2>\t\t\t\t<\/div>\n\t\t\t\t<\/div>\n\t\t\t\t<\/div>\n\t\t<div class=\"elementor-element elementor-element-29a1a54 elementor-hidden-desktop e-flex e-con-boxed e-con e-parent\" data-id=\"29a1a54\" data-element_type=\"container\" data-e-type=\"container\">\n\t\t\t\t\t<div class=\"e-con-inner\">\n\t\t\t\t<div class=\"elementor-element elementor-element-87420ea elementor-widget-mobile__width-initial elementor-widget elementor-widget-image\" data-id=\"87420ea\" data-element_type=\"widget\" data-e-type=\"widget\" data-widget_type=\"image.default\">\n\t\t\t\t<div class=\"elementor-widget-container\">\n\t\t\t\t\t\t\t\t\t\t\t\t\t\t\t<img fetchpriority=\"high\" decoding=\"async\" width=\"800\" height=\"707\" src=\"https:\/\/msdesigner.fr\/wp-content\/uploads\/2025\/01\/F-scaled-e1737504963311-1024x905.jpg\" class=\"attachment-large size-large wp-image-150\" alt=\"\" srcset=\"https:\/\/msdesigner.fr\/wp-content\/uploads\/2025\/01\/F-scaled-e1737504963311-1024x905.jpg 1024w, https:\/\/msdesigner.fr\/wp-content\/uploads\/2025\/01\/F-scaled-e1737504963311-300x265.jpg 300w, https:\/\/msdesigner.fr\/wp-content\/uploads\/2025\/01\/F-scaled-e1737504963311-768x679.jpg 768w, https:\/\/msdesigner.fr\/wp-content\/uploads\/2025\/01\/F-scaled-e1737504963311.jpg 1097w\" sizes=\"(max-width: 800px) 100vw, 800px\" \/>\t\t\t\t\t\t\t\t\t\t\t\t\t\t\t<\/div>\n\t\t\t\t<\/div>\n\t\t\t\t\t<\/div>\n\t\t\t\t<\/div>\n\t\t<div class=\"elementor-element elementor-element-4ab165f e-flex e-con-boxed e-con e-parent\" data-id=\"4ab165f\" data-element_type=\"container\" data-e-type=\"container\">\n\t\t\t\t\t<div class=\"e-con-inner\">\n\t\t<div class=\"elementor-element elementor-element-c9af906 e-con-full e-flex e-con e-child\" data-id=\"c9af906\" data-element_type=\"container\" data-e-type=\"container\">\n\t\t\t\t<div class=\"elementor-element elementor-element-6e66815 elementor-widget__width-initial elementor-widget elementor-widget-text-editor\" data-id=\"6e66815\" data-element_type=\"widget\" data-e-type=\"widget\" data-widget_type=\"text-editor.default\">\n\t\t\t\t<div class=\"elementor-widget-container\">\n\t\t\t\t\t\t\t\t\t<p>Bienvenue sur la page &#8220;\u00c0 propos&#8221; de MSDESIGNER ! Je suis, un webdesigner freelance passionn\u00e9. Depuis le d\u00e9but de mon aventure professionnelle, mon objectif a toujours \u00e9t\u00e9 de cr\u00e9er des sites web \u00e0 la fois esth\u00e9tiques, fonctionnels et adapt\u00e9s aux besoins sp\u00e9cifiques de mes clients.<\/p><p>Mon parcours m\u2019a permis de d\u00e9velopper une expertise compl\u00e8te en webdesign, cr\u00e9ation de sites internet, mais aussi en SEO (r\u00e9f\u00e9rencement naturel), afin de garantir \u00e0 chaque projet une visibilit\u00e9 optimale sur les moteurs de recherche. J&#8217;accompagne ainsi les entreprises, qu&#8217;elles soient petites ou grandes, dans la cr\u00e9ation d&#8217;une identit\u00e9 num\u00e9rique forte et moderne.<\/p>\t\t\t\t\t\t\t\t<\/div>\n\t\t\t\t<\/div>\n\t\t\t\t<div class=\"elementor-element elementor-element-4a2e681 elementor-widget elementor-widget-text-editor\" data-id=\"4a2e681\" data-element_type=\"widget\" data-e-type=\"widget\" data-widget_type=\"text-editor.default\">\n\t\t\t\t<div class=\"elementor-widget-container\">\n\t\t\t\t\t\t\t\t\t<p>Ce que je propose, c&#8217;est bien plus qu&#8217;une simple cr\u00e9ation de site. Je m&#8217;engage \u00e0 comprendre vos besoins, vos valeurs et vos objectifs pour concevoir une exp\u00e9rience utilisateur fluide et agr\u00e9able. Chaque projet que j\u2019entreprends est unique, et j&#8217;aime travailler en collaboration avec mes clients pour donner vie \u00e0 leur vision, tout en offrant un design soign\u00e9 et adapt\u00e9 \u00e0 l&#8217;\u00e8re num\u00e9rique.<\/p><p>En tant que freelance, je privil\u00e9gie une relation proche et de confiance avec mes clients. L\u2019\u00e9coute, la r\u00e9activit\u00e9 et la transparence sont les bases de ma mani\u00e8re de travailler. J&#8217;accorde une grande importance \u00e0 la communication, afin de vous tenir inform\u00e9 \u00e0 chaque \u00e9tape du processus de cr\u00e9ation.<\/p>\t\t\t\t\t\t\t\t<\/div>\n\t\t\t\t<\/div>\n\t\t\t\t<\/div>\n\t\t<div class=\"elementor-element elementor-element-7764474 e-con-full e-flex e-con e-child\" data-id=\"7764474\" data-element_type=\"container\" data-e-type=\"container\">\n\t\t\t\t<div class=\"elementor-element elementor-element-663a4df elementor-widget__width-initial elementor-widget elementor-widget-text-editor\" data-id=\"663a4df\" data-element_type=\"widget\" data-e-type=\"widget\" data-widget_type=\"text-editor.default\">\n\t\t\t\t<div class=\"elementor-widget-container\">\n\t\t\t\t\t\t\t\t\t<p>Si vous \u00eates \u00e0 la recherche d\u2019un webdesigner freelance comp\u00e9tent, cr\u00e9atif et passionn\u00e9 pour r\u00e9aliser votre projet digital, n\u2019h\u00e9sitez pas \u00e0 me contacter. Ensemble, nous cr\u00e9erons un site web qui vous ressemble et qui r\u00e9pond aux attentes de vos utilisateurs.<\/p>\t\t\t\t\t\t\t\t<\/div>\n\t\t\t\t<\/div>\n\t\t\t\t<\/div>\n\t\t\t\t\t<\/div>\n\t\t\t\t<\/div>\n\t\t\t\t<\/div>\n\t\t","protected":false},"excerpt":{"rendered":"<p>Votre projet m\u00e9rite un design \u00e0 la hauteur\u202f: ma passion du web fait toute la diff\u00e9rence. Un design r\u00e9fl\u00e9chi, qui correspond \u00e0 vos attentes et \u00e0 celles de vos utilisateurs. En discuter ? Un aper\u00e7u de qui je suis Bienvenue sur la page &#8220;\u00c0 propos&#8221; de MSDESIGNER ! Je suis, un webdesigner freelance passionn\u00e9. Depuis [&hellip;]<\/p>\n","protected":false},"author":1,"featured_media":0,"parent":0,"menu_order":0,"comment_status":"closed","ping_status":"closed","template":"","meta":{"inline_featured_image":false,"footnotes":""},"class_list":["post-7","page","type-page","status-publish","hentry"],"yoast_head":"<!-- This site is optimized with the Yoast SEO plugin v27.4 - https:\/\/yoast.com\/product\/yoast-seo-wordpress\/ -->\n<title>A propos de MSDESIGNER - Webdesigner freelance<\/title>\n<meta name=\"description\" content=\"\u00c0 propos de MSDESIGNER, votre webdesigner freelance. Je cr\u00e9e des exp\u00e9riences en ligne uniques pour aider votre entreprise \u00e0 se d\u00e9marquer.\" \/>\n<meta name=\"robots\" content=\"index, follow, max-snippet:-1, max-image-preview:large, max-video-preview:-1\" \/>\n<link rel=\"canonical\" href=\"https:\/\/msdesigner.fr\/index.php\/a-propos\/\" \/>\n<meta property=\"og:locale\" content=\"en_US\" \/>\n<meta property=\"og:type\" content=\"article\" \/>\n<meta property=\"og:title\" content=\"A propos de MSDESIGNER - Webdesigner freelance\" \/>\n<meta property=\"og:description\" content=\"\u00c0 propos de MSDESIGNER, votre webdesigner freelance. Je cr\u00e9e des exp\u00e9riences en ligne uniques pour aider votre entreprise \u00e0 se d\u00e9marquer.\" \/>\n<meta property=\"og:url\" content=\"https:\/\/msdesigner.fr\/index.php\/a-propos\/\" \/>\n<meta property=\"og:site_name\" content=\"WordPress\" \/>\n<meta property=\"article:modified_time\" content=\"2025-02-15T23:14:14+00:00\" \/>\n<meta property=\"og:image\" content=\"http:\/\/msdesigner.fr\/wp-content\/uploads\/2025\/01\/F-scaled-e1737504963311-1024x905.jpg\" \/>\n<meta name=\"twitter:card\" content=\"summary_large_image\" \/>\n<meta name=\"twitter:label1\" content=\"Est. reading time\" \/>\n\t<meta name=\"twitter:data1\" content=\"2 minutes\" \/>\n<script type=\"application\/ld+json\" class=\"yoast-schema-graph\">{\"@context\":\"https:\\\/\\\/schema.org\",\"@graph\":[{\"@type\":\"WebPage\",\"@id\":\"https:\\\/\\\/msdesigner.fr\\\/index.php\\\/a-propos\\\/\",\"url\":\"https:\\\/\\\/msdesigner.fr\\\/index.php\\\/a-propos\\\/\",\"name\":\"A propos de MSDESIGNER - Webdesigner freelance\",\"isPartOf\":{\"@id\":\"https:\\\/\\\/msdesigner.fr\\\/#website\"},\"primaryImageOfPage\":{\"@id\":\"https:\\\/\\\/msdesigner.fr\\\/index.php\\\/a-propos\\\/#primaryimage\"},\"image\":{\"@id\":\"https:\\\/\\\/msdesigner.fr\\\/index.php\\\/a-propos\\\/#primaryimage\"},\"thumbnailUrl\":\"http:\\\/\\\/msdesigner.fr\\\/wp-content\\\/uploads\\\/2025\\\/01\\\/F-scaled-e1737504963311-1024x905.jpg\",\"datePublished\":\"2025-01-20T23:18:31+00:00\",\"dateModified\":\"2025-02-15T23:14:14+00:00\",\"description\":\"\u00c0 propos de MSDESIGNER, votre webdesigner freelance. Je cr\u00e9e des exp\u00e9riences en ligne uniques pour aider votre entreprise \u00e0 se d\u00e9marquer.\",\"breadcrumb\":{\"@id\":\"https:\\\/\\\/msdesigner.fr\\\/index.php\\\/a-propos\\\/#breadcrumb\"},\"inLanguage\":\"en-US\",\"potentialAction\":[{\"@type\":\"ReadAction\",\"target\":[\"https:\\\/\\\/msdesigner.fr\\\/index.php\\\/a-propos\\\/\"]}]},{\"@type\":\"ImageObject\",\"inLanguage\":\"en-US\",\"@id\":\"https:\\\/\\\/msdesigner.fr\\\/index.php\\\/a-propos\\\/#primaryimage\",\"url\":\"https:\\\/\\\/msdesigner.fr\\\/wp-content\\\/uploads\\\/2025\\\/01\\\/F-scaled-e1737504963311.jpg\",\"contentUrl\":\"https:\\\/\\\/msdesigner.fr\\\/wp-content\\\/uploads\\\/2025\\\/01\\\/F-scaled-e1737504963311.jpg\",\"width\":1097,\"height\":970},{\"@type\":\"BreadcrumbList\",\"@id\":\"https:\\\/\\\/msdesigner.fr\\\/index.php\\\/a-propos\\\/#breadcrumb\",\"itemListElement\":[{\"@type\":\"ListItem\",\"position\":1,\"name\":\"Accueil\",\"item\":\"https:\\\/\\\/msdesigner.fr\\\/\"},{\"@type\":\"ListItem\",\"position\":2,\"name\":\"A propos\"}]},{\"@type\":\"WebSite\",\"@id\":\"https:\\\/\\\/msdesigner.fr\\\/#website\",\"url\":\"https:\\\/\\\/msdesigner.fr\\\/\",\"name\":\"MSDESIGNER\",\"description\":\"Un site utilisant WordPress\",\"publisher\":{\"@id\":\"https:\\\/\\\/msdesigner.fr\\\/#organization\"},\"potentialAction\":[{\"@type\":\"SearchAction\",\"target\":{\"@type\":\"EntryPoint\",\"urlTemplate\":\"https:\\\/\\\/msdesigner.fr\\\/?s={search_term_string}\"},\"query-input\":{\"@type\":\"PropertyValueSpecification\",\"valueRequired\":true,\"valueName\":\"search_term_string\"}}],\"inLanguage\":\"en-US\"},{\"@type\":\"Organization\",\"@id\":\"https:\\\/\\\/msdesigner.fr\\\/#organization\",\"name\":\"MSDESIGN\",\"url\":\"https:\\\/\\\/msdesigner.fr\\\/\",\"logo\":{\"@type\":\"ImageObject\",\"inLanguage\":\"en-US\",\"@id\":\"https:\\\/\\\/msdesigner.fr\\\/#\\\/schema\\\/logo\\\/image\\\/\",\"url\":\"http:\\\/\\\/msdesigner.fr\\\/wp-content\\\/uploads\\\/2025\\\/01\\\/Vector.svg\",\"contentUrl\":\"http:\\\/\\\/msdesigner.fr\\\/wp-content\\\/uploads\\\/2025\\\/01\\\/Vector.svg\",\"width\":701,\"height\":70,\"caption\":\"MSDESIGN\"},\"image\":{\"@id\":\"https:\\\/\\\/msdesigner.fr\\\/#\\\/schema\\\/logo\\\/image\\\/\"}}]}<\/script>\n<!-- \/ Yoast SEO plugin. -->","yoast_head_json":{"title":"A propos de MSDESIGNER - Webdesigner freelance","description":"\u00c0 propos de MSDESIGNER, votre webdesigner freelance. Je cr\u00e9e des exp\u00e9riences en ligne uniques pour aider votre entreprise \u00e0 se d\u00e9marquer.","robots":{"index":"index","follow":"follow","max-snippet":"max-snippet:-1","max-image-preview":"max-image-preview:large","max-video-preview":"max-video-preview:-1"},"canonical":"https:\/\/msdesigner.fr\/index.php\/a-propos\/","og_locale":"en_US","og_type":"article","og_title":"A propos de MSDESIGNER - Webdesigner freelance","og_description":"\u00c0 propos de MSDESIGNER, votre webdesigner freelance. Je cr\u00e9e des exp\u00e9riences en ligne uniques pour aider votre entreprise \u00e0 se d\u00e9marquer.","og_url":"https:\/\/msdesigner.fr\/index.php\/a-propos\/","og_site_name":"WordPress","article_modified_time":"2025-02-15T23:14:14+00:00","og_image":[{"url":"http:\/\/msdesigner.fr\/wp-content\/uploads\/2025\/01\/F-scaled-e1737504963311-1024x905.jpg","type":"","width":"","height":""}],"twitter_card":"summary_large_image","twitter_misc":{"Est. reading time":"2 minutes"},"schema":{"@context":"https:\/\/schema.org","@graph":[{"@type":"WebPage","@id":"https:\/\/msdesigner.fr\/index.php\/a-propos\/","url":"https:\/\/msdesigner.fr\/index.php\/a-propos\/","name":"A propos de MSDESIGNER - Webdesigner freelance","isPartOf":{"@id":"https:\/\/msdesigner.fr\/#website"},"primaryImageOfPage":{"@id":"https:\/\/msdesigner.fr\/index.php\/a-propos\/#primaryimage"},"image":{"@id":"https:\/\/msdesigner.fr\/index.php\/a-propos\/#primaryimage"},"thumbnailUrl":"http:\/\/msdesigner.fr\/wp-content\/uploads\/2025\/01\/F-scaled-e1737504963311-1024x905.jpg","datePublished":"2025-01-20T23:18:31+00:00","dateModified":"2025-02-15T23:14:14+00:00","description":"\u00c0 propos de MSDESIGNER, votre webdesigner freelance. Je cr\u00e9e des exp\u00e9riences en ligne uniques pour aider votre entreprise \u00e0 se d\u00e9marquer.","breadcrumb":{"@id":"https:\/\/msdesigner.fr\/index.php\/a-propos\/#breadcrumb"},"inLanguage":"en-US","potentialAction":[{"@type":"ReadAction","target":["https:\/\/msdesigner.fr\/index.php\/a-propos\/"]}]},{"@type":"ImageObject","inLanguage":"en-US","@id":"https:\/\/msdesigner.fr\/index.php\/a-propos\/#primaryimage","url":"https:\/\/msdesigner.fr\/wp-content\/uploads\/2025\/01\/F-scaled-e1737504963311.jpg","contentUrl":"https:\/\/msdesigner.fr\/wp-content\/uploads\/2025\/01\/F-scaled-e1737504963311.jpg","width":1097,"height":970},{"@type":"BreadcrumbList","@id":"https:\/\/msdesigner.fr\/index.php\/a-propos\/#breadcrumb","itemListElement":[{"@type":"ListItem","position":1,"name":"Accueil","item":"https:\/\/msdesigner.fr\/"},{"@type":"ListItem","position":2,"name":"A propos"}]},{"@type":"WebSite","@id":"https:\/\/msdesigner.fr\/#website","url":"https:\/\/msdesigner.fr\/","name":"MSDESIGNER","description":"Un site utilisant WordPress","publisher":{"@id":"https:\/\/msdesigner.fr\/#organization"},"potentialAction":[{"@type":"SearchAction","target":{"@type":"EntryPoint","urlTemplate":"https:\/\/msdesigner.fr\/?s={search_term_string}"},"query-input":{"@type":"PropertyValueSpecification","valueRequired":true,"valueName":"search_term_string"}}],"inLanguage":"en-US"},{"@type":"Organization","@id":"https:\/\/msdesigner.fr\/#organization","name":"MSDESIGN","url":"https:\/\/msdesigner.fr\/","logo":{"@type":"ImageObject","inLanguage":"en-US","@id":"https:\/\/msdesigner.fr\/#\/schema\/logo\/image\/","url":"http:\/\/msdesigner.fr\/wp-content\/uploads\/2025\/01\/Vector.svg","contentUrl":"http:\/\/msdesigner.fr\/wp-content\/uploads\/2025\/01\/Vector.svg","width":701,"height":70,"caption":"MSDESIGN"},"image":{"@id":"https:\/\/msdesigner.fr\/#\/schema\/logo\/image\/"}}]}},"_links":{"self":[{"href":"https:\/\/msdesigner.fr\/index.php\/wp-json\/wp\/v2\/pages\/7","targetHints":{"allow":["GET"]}}],"collection":[{"href":"https:\/\/msdesigner.fr\/index.php\/wp-json\/wp\/v2\/pages"}],"about":[{"href":"https:\/\/msdesigner.fr\/index.php\/wp-json\/wp\/v2\/types\/page"}],"author":[{"embeddable":true,"href":"https:\/\/msdesigner.fr\/index.php\/wp-json\/wp\/v2\/users\/1"}],"replies":[{"embeddable":true,"href":"https:\/\/msdesigner.fr\/index.php\/wp-json\/wp\/v2\/comments?post=7"}],"version-history":[{"count":41,"href":"https:\/\/msdesigner.fr\/index.php\/wp-json\/wp\/v2\/pages\/7\/revisions"}],"predecessor-version":[{"id":392,"href":"https:\/\/msdesigner.fr\/index.php\/wp-json\/wp\/v2\/pages\/7\/revisions\/392"}],"wp:attachment":[{"href":"https:\/\/msdesigner.fr\/index.php\/wp-json\/wp\/v2\/media?parent=7"}],"curies":[{"name":"wp","href":"https:\/\/api.w.org\/{rel}","templated":true}]}}